{"id":7802,"date":"2020-06-02T15:09:06","date_gmt":"2020-06-02T13:09:06","guid":{"rendered":"https:\/\/www.vskk.cz\/cz\/?page_id=7802"},"modified":"2020-06-02T15:12:31","modified_gmt":"2020-06-02T13:12:31","slug":"leadership-a-leadership-qualities","status":"publish","type":"page","link":"https:\/\/www.vskk.cz\/cz\/aktuality\/leadership-a-leadership-qualities\/","title":{"rendered":"Leadership a Leadership Qualities"},"content":{"rendered":"<div>R\u00e1di bychom V\u00e1s pozvali na jednu z&nbsp;v\u011bt\u0161\u00edch online akc\u00ed, kter\u00e1 je organizov\u00e1na AIESEC International a je zam\u011b\u0159en\u00e1 na Leadership a Leadership Qualities. Tato akce bude prob\u00edhat 12.&nbsp;a 13.&nbsp;\u010dervna po cel\u00e9m sv\u011bt\u011b 24.&nbsp;hodin. Link, p\u0159es kter\u00fd se m\u016f\u017eete p\u0159ihl\u00e1sit a dozv\u00edte se v\u00edce informac\u00ed <a href=\"https:\/\/www.global-leadership-day.com\" target=\"_blank\" rel=\"noopener noreferrer\"><strong>zde.<\/strong><\/a><\/div>\n<div>M\u00fa\u017eete se t\u011b\u0161it na n\u011bkolik sessions od sv\u011btov\u011b \u00fasp\u011b\u0161n\u00fdch speaker\u016f!<\/div>\n<div><\/div>\n<div><img decoding=\"async\" class=\"alignnone wp-image-7805 size-large\" src=\"https:\/\/www.vskk.cz\/cz\/wp-content\/uploads\/sites\/2\/2020\/06\/Sni\u0301mek-obrazovky-2020-06-02-v-15.10.02-1200x598.png\" alt=\"\" width=\"1200\" height=\"598\" srcset=\"https:\/\/www.vskk.cz\/cz\/wp-content\/uploads\/sites\/2\/2020\/06\/Sni\u0301mek-obrazovky-2020-06-02-v-15.10.02-1200x598.png 1200w, https:\/\/www.vskk.cz\/cz\/wp-content\/uploads\/sites\/2\/2020\/06\/Sni\u0301mek-obrazovky-2020-06-02-v-15.10.02-300x150.png 300w, https:\/\/www.vskk.cz\/cz\/wp-content\/uploads\/sites\/2\/2020\/06\/Sni\u0301mek-obrazovky-2020-06-02-v-15.10.02-768x383.png 768w, https:\/\/www.vskk.cz\/cz\/wp-content\/uploads\/sites\/2\/2020\/06\/Sni\u0301mek-obrazovky-2020-06-02-v-15.10.02-670x334.png 670w, https:\/\/www.vskk.cz\/cz\/wp-content\/uploads\/sites\/2\/2020\/06\/Sni\u0301mek-obrazovky-2020-06-02-v-15.10.02-1324x660.png 1324w, https:\/\/www.vskk.cz\/cz\/wp-content\/uploads\/sites\/2\/2020\/06\/Sni\u0301mek-obrazovky-2020-06-02-v-15.10.02-200x100.png 200w, https:\/\/www.vskk.cz\/cz\/wp-content\/uploads\/sites\/2\/2020\/06\/Sni\u0301mek-obrazovky-2020-06-02-v-15.10.02-770x384.png 770w, https:\/\/www.vskk.cz\/cz\/wp-content\/uploads\/sites\/2\/2020\/06\/Sni\u0301mek-obrazovky-2020-06-02-v-15.10.02-1920x957.png 1920w, https:\/\/www.vskk.cz\/cz\/wp-content\/uploads\/sites\/2\/2020\/06\/Sni\u0301mek-obrazovky-2020-06-02-v-15.10.02-270x135.png 270w, https:\/\/www.vskk.cz\/cz\/wp-content\/uploads\/sites\/2\/2020\/06\/Sni\u0301mek-obrazovky-2020-06-02-v-15.10.02-180x90.png 180w, https:\/\/www.vskk.cz\/cz\/wp-content\/uploads\/sites\/2\/2020\/06\/Sni\u0301mek-obrazovky-2020-06-02-v-15.10.02-600x299.png 600w, https:\/\/www.vskk.cz\/cz\/wp-content\/uploads\/sites\/2\/2020\/06\/Sni\u0301mek-obrazovky-2020-06-02-v-15.10.02.png 2048w\" sizes=\"(max-width: 1200px) 100vw, 1200px\" \/> <img decoding=\"async\" class=\"alignnone wp-image-7807 size-large\" src=\"https:\/\/www.vskk.cz\/cz\/wp-content\/uploads\/sites\/2\/2020\/06\/Sni\u0301mek-obrazovky-2020-06-02-v-15.10.12-1200x577.png\" alt=\"\" width=\"1200\" height=\"577\" srcset=\"https:\/\/www.vskk.cz\/cz\/wp-content\/uploads\/sites\/2\/2020\/06\/Sni\u0301mek-obrazovky-2020-06-02-v-15.10.12-1200x577.png 1200w, https:\/\/www.vskk.cz\/cz\/wp-content\/uploads\/sites\/2\/2020\/06\/Sni\u0301mek-obrazovky-2020-06-02-v-15.10.12-300x144.png 300w, https:\/\/www.vskk.cz\/cz\/wp-content\/uploads\/sites\/2\/2020\/06\/Sni\u0301mek-obrazovky-2020-06-02-v-15.10.12-768x369.png 768w, https:\/\/www.vskk.cz\/cz\/wp-content\/uploads\/sites\/2\/2020\/06\/Sni\u0301mek-obrazovky-2020-06-02-v-15.10.12-670x322.png 670w, https:\/\/www.vskk.cz\/cz\/wp-content\/uploads\/sites\/2\/2020\/06\/Sni\u0301mek-obrazovky-2020-06-02-v-15.10.12-1373x660.png 1373w, https:\/\/www.vskk.cz\/cz\/wp-content\/uploads\/sites\/2\/2020\/06\/Sni\u0301mek-obrazovky-2020-06-02-v-15.10.12-200x96.png 200w, https:\/\/www.vskk.cz\/cz\/wp-content\/uploads\/sites\/2\/2020\/06\/Sni\u0301mek-obrazovky-2020-06-02-v-15.10.12-770x370.png 770w, https:\/\/www.vskk.cz\/cz\/wp-content\/uploads\/sites\/2\/2020\/06\/Sni\u0301mek-obrazovky-2020-06-02-v-15.10.12-1920x923.png 1920w, https:\/\/www.vskk.cz\/cz\/wp-content\/uploads\/sites\/2\/2020\/06\/Sni\u0301mek-obrazovky-2020-06-02-v-15.10.12-270x130.png 270w, https:\/\/www.vskk.cz\/cz\/wp-content\/uploads\/sites\/2\/2020\/06\/Sni\u0301mek-obrazovky-2020-06-02-v-15.10.12-180x86.png 180w, https:\/\/www.vskk.cz\/cz\/wp-content\/uploads\/sites\/2\/2020\/06\/Sni\u0301mek-obrazovky-2020-06-02-v-15.10.12-600x288.png 600w, https:\/\/www.vskk.cz\/cz\/wp-content\/uploads\/sites\/2\/2020\/06\/Sni\u0301mek-obrazovky-2020-06-02-v-15.10.12.png 2048w\" sizes=\"(max-width: 1200px) 100vw, 1200px\" \/> <img decoding=\"async\" class=\"alignnone wp-image-7808 size-large\" src=\"https:\/\/www.vskk.cz\/cz\/wp-content\/uploads\/sites\/2\/2020\/06\/Sni\u0301mek-obrazovky-2020-06-02-v-15.10.16-1200x466.png\" alt=\"\" width=\"1200\" height=\"466\" srcset=\"https:\/\/www.vskk.cz\/cz\/wp-content\/uploads\/sites\/2\/2020\/06\/Sni\u0301mek-obrazovky-2020-06-02-v-15.10.16-1200x466.png 1200w, https:\/\/www.vskk.cz\/cz\/wp-content\/uploads\/sites\/2\/2020\/06\/Sni\u0301mek-obrazovky-2020-06-02-v-15.10.16-300x117.png 300w, https:\/\/www.vskk.cz\/cz\/wp-content\/uploads\/sites\/2\/2020\/06\/Sni\u0301mek-obrazovky-2020-06-02-v-15.10.16-768x298.png 768w, https:\/\/www.vskk.cz\/cz\/wp-content\/uploads\/sites\/2\/2020\/06\/Sni\u0301mek-obrazovky-2020-06-02-v-15.10.16-670x260.png 670w, https:\/\/www.vskk.cz\/cz\/wp-content\/uploads\/sites\/2\/2020\/06\/Sni\u0301mek-obrazovky-2020-06-02-v-15.10.16-1699x660.png 1699w, https:\/\/www.vskk.cz\/cz\/wp-content\/uploads\/sites\/2\/2020\/06\/Sni\u0301mek-obrazovky-2020-06-02-v-15.10.16-200x78.png 200w, https:\/\/www.vskk.cz\/cz\/wp-content\/uploads\/sites\/2\/2020\/06\/Sni\u0301mek-obrazovky-2020-06-02-v-15.10.16-770x299.png 770w, https:\/\/www.vskk.cz\/cz\/wp-content\/uploads\/sites\/2\/2020\/06\/Sni\u0301mek-obrazovky-2020-06-02-v-15.10.16-1920x746.png 1920w, https:\/\/www.vskk.cz\/cz\/wp-content\/uploads\/sites\/2\/2020\/06\/Sni\u0301mek-obrazovky-2020-06-02-v-15.10.16-270x105.png 270w, https:\/\/www.vskk.cz\/cz\/wp-content\/uploads\/sites\/2\/2020\/06\/Sni\u0301mek-obrazovky-2020-06-02-v-15.10.16-180x70.png 180w, https:\/\/www.vskk.cz\/cz\/wp-content\/uploads\/sites\/2\/2020\/06\/Sni\u0301mek-obrazovky-2020-06-02-v-15.10.16-600x233.png 600w, https:\/\/www.vskk.cz\/cz\/wp-content\/uploads\/sites\/2\/2020\/06\/Sni\u0301mek-obrazovky-2020-06-02-v-15.10.16.png 2048w\" sizes=\"(max-width: 1200px) 100vw, 1200px\" \/><\/div>\n","protected":false},"excerpt":{"rendered":"<p>R\u00e1di bychom V\u00e1s pozvali na jednu z&nbsp;v\u011bt\u0161\u00edch online akc\u00ed, kter\u00e1&hellip;<\/p>\n","protected":false},"author":9,"featured_media":7803,"parent":53,"menu_order":0,"comment_status":"closed","ping_status":"closed","template":"news.php","meta":{"_acf_changed":false,"episode_type":"","audio_file":"","podmotor_file_id":"","podmotor_episode_id":"","cover_image":"","cover_image_id":"","duration":"","filesize":"","filesize_raw":"","date_recorded":"","explicit":"","block":"","itunes_episode_number":"","itunes_title":"","itunes_season_number":"","itunes_episode_type":"","footnotes":""},"class_list":["post-7802","page","type-page","status-publish","has-post-thumbnail","hentry"],"acf":[],"yoast_head":"<!-- This site is optimized with the Yoast SEO plugin v27.3 - https:\/\/yoast.com\/product\/yoast-seo-wordpress\/ -->\n<title>V\u0160KK - Vysok\u00e1 \u0161kola kreativn\u00ed komunikace<\/title>\n<meta name=\"description\" content=\"V\u0160KK - Vysok\u00e1 \u0161kola kreativn\u00ed komunikace - Jedna \u0161kola, stovky p\u0159\u00edle\u017eitost\u00ed. Soukrom\u00e1 vysok\u00e1 \u0161kola v Praze\" \/>\n<meta name=\"robots\" content=\"index, follow, max-snippet:-1, max-image-preview:large, max-video-preview:-1\" \/>\n<link rel=\"canonical\" href=\"https:\/\/www.vskk.cz\/cz\/aktuality\/leadership-a-leadership-qualities\/\" \/>\n<meta property=\"og:locale\" content=\"cs_CZ\" \/>\n<meta property=\"og:type\" content=\"article\" \/>\n<meta property=\"og:title\" content=\"V\u0160KK - Vysok\u00e1 \u0161kola kreativn\u00ed komunikace\" \/>\n<meta property=\"og:description\" content=\"V\u0160KK - Vysok\u00e1 \u0161kola kreativn\u00ed komunikace - Jedna \u0161kola, stovky p\u0159\u00edle\u017eitost\u00ed. Soukrom\u00e1 vysok\u00e1 \u0161kola v Praze\" \/>\n<meta property=\"og:url\" content=\"https:\/\/www.vskk.cz\/cz\/aktuality\/leadership-a-leadership-qualities\/\" \/>\n<meta property=\"og:site_name\" content=\"Vysok\u00e1 \u0161kola kreativn\u00ed komunikace\" \/>\n<meta property=\"article:modified_time\" content=\"2020-06-02T13:12:31+00:00\" \/>\n<meta property=\"og:image\" content=\"https:\/\/www.vskk.cz\/cz\/wp-content\/uploads\/sites\/2\/2020\/06\/leader.jpg\" \/>\n\t<meta property=\"og:image:width\" content=\"290\" \/>\n\t<meta property=\"og:image:height\" content=\"290\" \/>\n\t<meta property=\"og:image:type\" content=\"image\/jpeg\" \/>\n<meta name=\"twitter:card\" content=\"summary_large_image\" \/>\n<script type=\"application\/ld+json\" class=\"yoast-schema-graph\">{\"@context\":\"https:\\\/\\\/schema.org\",\"@graph\":[{\"@type\":\"WebPage\",\"@id\":\"https:\\\/\\\/www.vskk.cz\\\/cz\\\/aktuality\\\/leadership-a-leadership-qualities\\\/\",\"url\":\"https:\\\/\\\/www.vskk.cz\\\/cz\\\/aktuality\\\/leadership-a-leadership-qualities\\\/\",\"name\":\"V\u0160KK - Vysok\u00e1 \u0161kola kreativn\u00ed komunikace\",\"isPartOf\":{\"@id\":\"https:\\\/\\\/www.vskk.cz\\\/cz\\\/#website\"},\"primaryImageOfPage\":{\"@id\":\"https:\\\/\\\/www.vskk.cz\\\/cz\\\/aktuality\\\/leadership-a-leadership-qualities\\\/#primaryimage\"},\"image\":{\"@id\":\"https:\\\/\\\/www.vskk.cz\\\/cz\\\/aktuality\\\/leadership-a-leadership-qualities\\\/#primaryimage\"},\"thumbnailUrl\":\"https:\\\/\\\/www.vskk.cz\\\/cz\\\/wp-content\\\/uploads\\\/sites\\\/2\\\/2020\\\/06\\\/leader.jpg\",\"datePublished\":\"2020-06-02T13:09:06+00:00\",\"dateModified\":\"2020-06-02T13:12:31+00:00\",\"description\":\"V\u0160KK - Vysok\u00e1 \u0161kola kreativn\u00ed komunikace - Jedna \u0161kola, stovky p\u0159\u00edle\u017eitost\u00ed. Soukrom\u00e1 vysok\u00e1 \u0161kola v Praze\",\"breadcrumb\":{\"@id\":\"https:\\\/\\\/www.vskk.cz\\\/cz\\\/aktuality\\\/leadership-a-leadership-qualities\\\/#breadcrumb\"},\"inLanguage\":\"cs\",\"potentialAction\":[{\"@type\":\"ReadAction\",\"target\":[\"https:\\\/\\\/www.vskk.cz\\\/cz\\\/aktuality\\\/leadership-a-leadership-qualities\\\/\"]}]},{\"@type\":\"ImageObject\",\"inLanguage\":\"cs\",\"@id\":\"https:\\\/\\\/www.vskk.cz\\\/cz\\\/aktuality\\\/leadership-a-leadership-qualities\\\/#primaryimage\",\"url\":\"https:\\\/\\\/www.vskk.cz\\\/cz\\\/wp-content\\\/uploads\\\/sites\\\/2\\\/2020\\\/06\\\/leader.jpg\",\"contentUrl\":\"https:\\\/\\\/www.vskk.cz\\\/cz\\\/wp-content\\\/uploads\\\/sites\\\/2\\\/2020\\\/06\\\/leader.jpg\",\"width\":290,\"height\":290},{\"@type\":\"BreadcrumbList\",\"@id\":\"https:\\\/\\\/www.vskk.cz\\\/cz\\\/aktuality\\\/leadership-a-leadership-qualities\\\/#breadcrumb\",\"itemListElement\":[{\"@type\":\"ListItem\",\"position\":1,\"name\":\"Dom\u016f\",\"item\":\"https:\\\/\\\/www.vskk.cz\\\/cz\\\/\"},{\"@type\":\"ListItem\",\"position\":2,\"name\":\"Aktuality\",\"item\":\"https:\\\/\\\/www.vskk.cz\\\/cz\\\/aktuality\\\/\"},{\"@type\":\"ListItem\",\"position\":3,\"name\":\"Leadership a Leadership Qualities\"}]},{\"@type\":\"WebSite\",\"@id\":\"https:\\\/\\\/www.vskk.cz\\\/cz\\\/#website\",\"url\":\"https:\\\/\\\/www.vskk.cz\\\/cz\\\/\",\"name\":\"Vysok\u00e1 \u0161kola kreativn\u00ed komunikace\",\"description\":\"\",\"potentialAction\":[{\"@type\":\"SearchAction\",\"target\":{\"@type\":\"EntryPoint\",\"urlTemplate\":\"https:\\\/\\\/www.vskk.cz\\\/cz\\\/?s={search_term_string}\"},\"query-input\":{\"@type\":\"PropertyValueSpecification\",\"valueRequired\":true,\"valueName\":\"search_term_string\"}}],\"inLanguage\":\"cs\"}]}<\/script>\n<!-- \/ Yoast SEO plugin. -->","yoast_head_json":{"title":"V\u0160KK - Vysok\u00e1 \u0161kola kreativn\u00ed komunikace","description":"V\u0160KK - Vysok\u00e1 \u0161kola kreativn\u00ed komunikace - Jedna \u0161kola, stovky p\u0159\u00edle\u017eitost\u00ed. Soukrom\u00e1 vysok\u00e1 \u0161kola v Praze","robots":{"index":"index","follow":"follow","max-snippet":"max-snippet:-1","max-image-preview":"max-image-preview:large","max-video-preview":"max-video-preview:-1"},"canonical":"https:\/\/www.vskk.cz\/cz\/aktuality\/leadership-a-leadership-qualities\/","og_locale":"cs_CZ","og_type":"article","og_title":"V\u0160KK - Vysok\u00e1 \u0161kola kreativn\u00ed komunikace","og_description":"V\u0160KK - Vysok\u00e1 \u0161kola kreativn\u00ed komunikace - Jedna \u0161kola, stovky p\u0159\u00edle\u017eitost\u00ed. Soukrom\u00e1 vysok\u00e1 \u0161kola v Praze","og_url":"https:\/\/www.vskk.cz\/cz\/aktuality\/leadership-a-leadership-qualities\/","og_site_name":"Vysok\u00e1 \u0161kola kreativn\u00ed komunikace","article_modified_time":"2020-06-02T13:12:31+00:00","og_image":[{"width":290,"height":290,"url":"https:\/\/www.vskk.cz\/cz\/wp-content\/uploads\/sites\/2\/2020\/06\/leader.jpg","type":"image\/jpeg"}],"twitter_card":"summary_large_image","schema":{"@context":"https:\/\/schema.org","@graph":[{"@type":"WebPage","@id":"https:\/\/www.vskk.cz\/cz\/aktuality\/leadership-a-leadership-qualities\/","url":"https:\/\/www.vskk.cz\/cz\/aktuality\/leadership-a-leadership-qualities\/","name":"V\u0160KK - Vysok\u00e1 \u0161kola kreativn\u00ed komunikace","isPartOf":{"@id":"https:\/\/www.vskk.cz\/cz\/#website"},"primaryImageOfPage":{"@id":"https:\/\/www.vskk.cz\/cz\/aktuality\/leadership-a-leadership-qualities\/#primaryimage"},"image":{"@id":"https:\/\/www.vskk.cz\/cz\/aktuality\/leadership-a-leadership-qualities\/#primaryimage"},"thumbnailUrl":"https:\/\/www.vskk.cz\/cz\/wp-content\/uploads\/sites\/2\/2020\/06\/leader.jpg","datePublished":"2020-06-02T13:09:06+00:00","dateModified":"2020-06-02T13:12:31+00:00","description":"V\u0160KK - Vysok\u00e1 \u0161kola kreativn\u00ed komunikace - Jedna \u0161kola, stovky p\u0159\u00edle\u017eitost\u00ed. Soukrom\u00e1 vysok\u00e1 \u0161kola v Praze","breadcrumb":{"@id":"https:\/\/www.vskk.cz\/cz\/aktuality\/leadership-a-leadership-qualities\/#breadcrumb"},"inLanguage":"cs","potentialAction":[{"@type":"ReadAction","target":["https:\/\/www.vskk.cz\/cz\/aktuality\/leadership-a-leadership-qualities\/"]}]},{"@type":"ImageObject","inLanguage":"cs","@id":"https:\/\/www.vskk.cz\/cz\/aktuality\/leadership-a-leadership-qualities\/#primaryimage","url":"https:\/\/www.vskk.cz\/cz\/wp-content\/uploads\/sites\/2\/2020\/06\/leader.jpg","contentUrl":"https:\/\/www.vskk.cz\/cz\/wp-content\/uploads\/sites\/2\/2020\/06\/leader.jpg","width":290,"height":290},{"@type":"BreadcrumbList","@id":"https:\/\/www.vskk.cz\/cz\/aktuality\/leadership-a-leadership-qualities\/#breadcrumb","itemListElement":[{"@type":"ListItem","position":1,"name":"Dom\u016f","item":"https:\/\/www.vskk.cz\/cz\/"},{"@type":"ListItem","position":2,"name":"Aktuality","item":"https:\/\/www.vskk.cz\/cz\/aktuality\/"},{"@type":"ListItem","position":3,"name":"Leadership a Leadership Qualities"}]},{"@type":"WebSite","@id":"https:\/\/www.vskk.cz\/cz\/#website","url":"https:\/\/www.vskk.cz\/cz\/","name":"Vysok\u00e1 \u0161kola kreativn\u00ed komunikace","description":"","potentialAction":[{"@type":"SearchAction","target":{"@type":"EntryPoint","urlTemplate":"https:\/\/www.vskk.cz\/cz\/?s={search_term_string}"},"query-input":{"@type":"PropertyValueSpecification","valueRequired":true,"valueName":"search_term_string"}}],"inLanguage":"cs"}]}},"_links":{"self":[{"href":"https:\/\/www.vskk.cz\/cz\/wp-json\/wp\/v2\/pages\/7802","targetHints":{"allow":["GET"]}}],"collection":[{"href":"https:\/\/www.vskk.cz\/cz\/wp-json\/wp\/v2\/pages"}],"about":[{"href":"https:\/\/www.vskk.cz\/cz\/wp-json\/wp\/v2\/types\/page"}],"author":[{"embeddable":true,"href":"https:\/\/www.vskk.cz\/cz\/wp-json\/wp\/v2\/users\/9"}],"replies":[{"embeddable":true,"href":"https:\/\/www.vskk.cz\/cz\/wp-json\/wp\/v2\/comments?post=7802"}],"version-history":[{"count":3,"href":"https:\/\/www.vskk.cz\/cz\/wp-json\/wp\/v2\/pages\/7802\/revisions"}],"predecessor-version":[{"id":7809,"href":"https:\/\/www.vskk.cz\/cz\/wp-json\/wp\/v2\/pages\/7802\/revisions\/7809"}],"up":[{"embeddable":true,"href":"https:\/\/www.vskk.cz\/cz\/wp-json\/wp\/v2\/pages\/53"}],"wp:featuredmedia":[{"embeddable":true,"href":"https:\/\/www.vskk.cz\/cz\/wp-json\/wp\/v2\/media\/7803"}],"wp:attachment":[{"href":"https:\/\/www.vskk.cz\/cz\/wp-json\/wp\/v2\/media?parent=7802"}],"curies":[{"name":"wp","href":"https:\/\/api.w.org\/{rel}","templated":true}]}}