{"id":20274,"date":"2026-04-08T21:00:26","date_gmt":"2026-04-08T19:00:26","guid":{"rendered":"https:\/\/www.vskk.cz\/cz\/?page_id=20274"},"modified":"2026-04-08T21:00:50","modified_gmt":"2026-04-08T19:00:50","slug":"studujici-vskk-oslavili-vyroci-tanciciho-domu","status":"publish","type":"page","link":"https:\/\/www.vskk.cz\/cz\/aktuality\/studujici-vskk-oslavili-vyroci-tanciciho-domu\/","title":{"rendered":"Studuj\u00edc\u00ed V\u0160KK oslavili v\u00fdro\u010d\u00ed Tan\u010d\u00edc\u00edho domu"},"content":{"rendered":"<p>Tan\u010d\u00edc\u00ed d\u016fm slav\u00ed t\u0159ic\u00e1t\u00e9 narozeniny! Tomuto v\u00fdznamn\u00e9mu jubileu se v\u011bnovali studenti oboru Grafick\u00e9ho a medi\u00e1ln\u00edho designu, kte\u0159\u00ed v\u00fdro\u010d\u00ed m\u011bli zachytit nap\u0159. formou plak\u00e1tu. A kreativit\u011b se meze nekladly, ka\u017ed\u00fd student k&nbsp;zad\u00e1n\u00ed p\u0159istoupil mali\u010dko jinak \u2013 n\u011bkdo unik\u00e1tn\u00ed budovu vytvaroval slovy, kter\u00e1 ji vystihuj\u00ed, n\u011bkdo z&nbsp;n\u00ed ud\u011blal tan\u010d\u00edc\u00ed p\u00e1r, dal\u0161\u00ed jej zase pojal nejen jako turistickou atrakci, ale i jako celebritu architektury, se kterou se lid\u00e9 prost\u011b mus\u00ed vyfotit. V\u00fdtvory pot\u00e9 19.&nbsp;b\u0159ezna na p\u016fd\u011b V\u0160KK sedm z\u00fa\u010dastn\u011bn\u00fdch odprezentovalo Robertu V\u016fjtkovi, \u0159editeli Galerie Tan\u010d\u00edc\u00ed d\u016fm, a Jan\u011b Sommerov\u00e9. Studenti tak obdr\u017eeli hodnocen\u00ed z&nbsp;marketingov\u00e9ho i um\u011bleck\u00e9ho hlediska a z\u00edskali cennou zku\u0161enost do pracovn\u00edho \u017eivota kreativc\u016f. A na jejich adresu padala slova chv\u00e1ly \u2013 pr\u00e1v\u011b to m\u011bly v\u0161echny p\u0159edlo\u017een\u00e9 pr\u00e1ce spole\u010dn\u00e9.<\/p>\n<p>Uk\u00e1zka pr\u00e1ce:<\/p>\n<p><img decoding=\"async\" class=\"alignnone wp-image-20275 size-full\" src=\"https:\/\/www.vskk.cz\/cz\/wp-content\/uploads\/sites\/2\/2026\/04\/tancici.png\" alt=\"\" width=\"1084\" height=\"1464\" srcset=\"https:\/\/www.vskk.cz\/cz\/wp-content\/uploads\/sites\/2\/2026\/04\/tancici.png 1084w, https:\/\/www.vskk.cz\/cz\/wp-content\/uploads\/sites\/2\/2026\/04\/tancici-222x300.png 222w, https:\/\/www.vskk.cz\/cz\/wp-content\/uploads\/sites\/2\/2026\/04\/tancici-768x1037.png 768w, https:\/\/www.vskk.cz\/cz\/wp-content\/uploads\/sites\/2\/2026\/04\/tancici-295x398.png 295w, https:\/\/www.vskk.cz\/cz\/wp-content\/uploads\/sites\/2\/2026\/04\/tancici-489x660.png 489w, https:\/\/www.vskk.cz\/cz\/wp-content\/uploads\/sites\/2\/2026\/04\/tancici-148x200.png 148w, https:\/\/www.vskk.cz\/cz\/wp-content\/uploads\/sites\/2\/2026\/04\/tancici-300x405.png 300w, https:\/\/www.vskk.cz\/cz\/wp-content\/uploads\/sites\/2\/2026\/04\/tancici-237x320.png 237w, https:\/\/www.vskk.cz\/cz\/wp-content\/uploads\/sites\/2\/2026\/04\/tancici-155x210.png 155w, https:\/\/www.vskk.cz\/cz\/wp-content\/uploads\/sites\/2\/2026\/04\/tancici-67x90.png 67w, https:\/\/www.vskk.cz\/cz\/wp-content\/uploads\/sites\/2\/2026\/04\/tancici-352x476.png 352w\" sizes=\"(max-width: 1084px) 100vw, 1084px\" \/><\/p>\n<p>Eli\u0161ka Mayerov\u00e1<\/p>\n","protected":false},"excerpt":{"rendered":"<p>Tan\u010d\u00edc\u00ed d\u016fm slav\u00ed t\u0159ic\u00e1t\u00e9 narozeniny! Tomuto v\u00fdznamn\u00e9mu jubileu se v\u011bnovali&hellip;<\/p>\n","protected":false},"author":9,"featured_media":20275,"parent":53,"menu_order":0,"comment_status":"closed","ping_status":"closed","template":"news.php","meta":{"_acf_changed":false,"episode_type":"","audio_file":"","cover_image":"","cover_image_id":"","duration":"","filesize":"","filesize_raw":"","date_recorded":"","explicit":"","block":"","itunes_episode_number":"","itunes_title":"","itunes_season_number":"","itunes_episode_type":"","footnotes":""},"class_list":["post-20274","page","type-page","status-publish","has-post-thumbnail","hentry"],"acf":[],"yoast_head":"<!-- This site is optimized with the Yoast SEO plugin v27.1.1 - https:\/\/yoast.com\/product\/yoast-seo-wordpress\/ -->\n<title>V\u0160KK - Vysok\u00e1 \u0161kola kreativn\u00ed komunikace<\/title>\n<meta name=\"description\" content=\"V\u0160KK - Vysok\u00e1 \u0161kola kreativn\u00ed komunikace - Jedna \u0161kola, stovky p\u0159\u00edle\u017eitost\u00ed. Soukrom\u00e1 vysok\u00e1 \u0161kola v Praze\" \/>\n<meta name=\"robots\" content=\"index, follow, max-snippet:-1, max-image-preview:large, max-video-preview:-1\" \/>\n<link rel=\"canonical\" href=\"https:\/\/www.vskk.cz\/cz\/aktuality\/studujici-vskk-oslavili-vyroci-tanciciho-domu\/\" \/>\n<meta property=\"og:locale\" content=\"cs_CZ\" \/>\n<meta property=\"og:type\" content=\"article\" \/>\n<meta property=\"og:title\" content=\"V\u0160KK - Vysok\u00e1 \u0161kola kreativn\u00ed komunikace\" \/>\n<meta property=\"og:description\" content=\"V\u0160KK - Vysok\u00e1 \u0161kola kreativn\u00ed komunikace - Jedna \u0161kola, stovky p\u0159\u00edle\u017eitost\u00ed. Soukrom\u00e1 vysok\u00e1 \u0161kola v Praze\" \/>\n<meta property=\"og:url\" content=\"https:\/\/www.vskk.cz\/cz\/aktuality\/studujici-vskk-oslavili-vyroci-tanciciho-domu\/\" \/>\n<meta property=\"og:site_name\" content=\"Vysok\u00e1 \u0161kola kreativn\u00ed komunikace\" \/>\n<meta property=\"article:modified_time\" content=\"2026-04-08T19:00:50+00:00\" \/>\n<meta property=\"og:image\" content=\"https:\/\/www.vskk.cz\/cz\/wp-content\/uploads\/sites\/2\/2026\/04\/tancici.png\" \/>\n\t<meta property=\"og:image:width\" content=\"800\" \/>\n\t<meta property=\"og:image:height\" content=\"1080\" \/>\n\t<meta property=\"og:image:type\" content=\"image\/png\" \/>\n<meta name=\"twitter:card\" content=\"summary_large_image\" \/>\n<meta name=\"twitter:label1\" content=\"Odhadovan\u00e1 doba \u010dten\u00ed\" \/>\n\t<meta name=\"twitter:data1\" content=\"2 minuty\" \/>\n<script type=\"application\/ld+json\" class=\"yoast-schema-graph\">{\"@context\":\"https:\/\/schema.org\",\"@graph\":[{\"@type\":\"WebPage\",\"@id\":\"https:\/\/www.vskk.cz\/cz\/aktuality\/studujici-vskk-oslavili-vyroci-tanciciho-domu\/\",\"url\":\"https:\/\/www.vskk.cz\/cz\/aktuality\/studujici-vskk-oslavili-vyroci-tanciciho-domu\/\",\"name\":\"V\u0160KK - Vysok\u00e1 \u0161kola kreativn\u00ed komunikace\",\"isPartOf\":{\"@id\":\"https:\/\/www.vskk.cz\/cz\/#website\"},\"primaryImageOfPage\":{\"@id\":\"https:\/\/www.vskk.cz\/cz\/aktuality\/studujici-vskk-oslavili-vyroci-tanciciho-domu\/#primaryimage\"},\"image\":{\"@id\":\"https:\/\/www.vskk.cz\/cz\/aktuality\/studujici-vskk-oslavili-vyroci-tanciciho-domu\/#primaryimage\"},\"thumbnailUrl\":\"https:\/\/www.vskk.cz\/cz\/wp-content\/uploads\/sites\/2\/2026\/04\/tancici.png\",\"datePublished\":\"2026-04-08T19:00:26+00:00\",\"dateModified\":\"2026-04-08T19:00:50+00:00\",\"description\":\"V\u0160KK - Vysok\u00e1 \u0161kola kreativn\u00ed komunikace - Jedna \u0161kola, stovky p\u0159\u00edle\u017eitost\u00ed. Soukrom\u00e1 vysok\u00e1 \u0161kola v Praze\",\"breadcrumb\":{\"@id\":\"https:\/\/www.vskk.cz\/cz\/aktuality\/studujici-vskk-oslavili-vyroci-tanciciho-domu\/#breadcrumb\"},\"inLanguage\":\"cs\",\"potentialAction\":[{\"@type\":\"ReadAction\",\"target\":[\"https:\/\/www.vskk.cz\/cz\/aktuality\/studujici-vskk-oslavili-vyroci-tanciciho-domu\/\"]}]},{\"@type\":\"ImageObject\",\"inLanguage\":\"cs\",\"@id\":\"https:\/\/www.vskk.cz\/cz\/aktuality\/studujici-vskk-oslavili-vyroci-tanciciho-domu\/#primaryimage\",\"url\":\"https:\/\/www.vskk.cz\/cz\/wp-content\/uploads\/sites\/2\/2026\/04\/tancici.png\",\"contentUrl\":\"https:\/\/www.vskk.cz\/cz\/wp-content\/uploads\/sites\/2\/2026\/04\/tancici.png\",\"width\":1084,\"height\":1464},{\"@type\":\"BreadcrumbList\",\"@id\":\"https:\/\/www.vskk.cz\/cz\/aktuality\/studujici-vskk-oslavili-vyroci-tanciciho-domu\/#breadcrumb\",\"itemListElement\":[{\"@type\":\"ListItem\",\"position\":1,\"name\":\"Dom\u016f\",\"item\":\"https:\/\/www.vskk.cz\/cz\/\"},{\"@type\":\"ListItem\",\"position\":2,\"name\":\"Aktuality\",\"item\":\"https:\/\/www.vskk.cz\/cz\/aktuality\/\"},{\"@type\":\"ListItem\",\"position\":3,\"name\":\"Studuj\u00edc\u00ed V\u0160KK oslavili v\u00fdro\u010d\u00ed Tan\u010d\u00edc\u00edho domu\"}]},{\"@type\":\"WebSite\",\"@id\":\"https:\/\/www.vskk.cz\/cz\/#website\",\"url\":\"https:\/\/www.vskk.cz\/cz\/\",\"name\":\"Vysok\u00e1 \u0161kola kreativn\u00ed komunikace\",\"description\":\"\",\"potentialAction\":[{\"@type\":\"SearchAction\",\"target\":{\"@type\":\"EntryPoint\",\"urlTemplate\":\"https:\/\/www.vskk.cz\/cz\/?s={search_term_string}\"},\"query-input\":{\"@type\":\"PropertyValueSpecification\",\"valueRequired\":true,\"valueName\":\"search_term_string\"}}],\"inLanguage\":\"cs\"}]}<\/script>\n<!-- \/ Yoast SEO plugin. -->","yoast_head_json":{"title":"V\u0160KK - Vysok\u00e1 \u0161kola kreativn\u00ed komunikace","description":"V\u0160KK - Vysok\u00e1 \u0161kola kreativn\u00ed komunikace - Jedna \u0161kola, stovky p\u0159\u00edle\u017eitost\u00ed. Soukrom\u00e1 vysok\u00e1 \u0161kola v Praze","robots":{"index":"index","follow":"follow","max-snippet":"max-snippet:-1","max-image-preview":"max-image-preview:large","max-video-preview":"max-video-preview:-1"},"canonical":"https:\/\/www.vskk.cz\/cz\/aktuality\/studujici-vskk-oslavili-vyroci-tanciciho-domu\/","og_locale":"cs_CZ","og_type":"article","og_title":"V\u0160KK - Vysok\u00e1 \u0161kola kreativn\u00ed komunikace","og_description":"V\u0160KK - Vysok\u00e1 \u0161kola kreativn\u00ed komunikace - Jedna \u0161kola, stovky p\u0159\u00edle\u017eitost\u00ed. Soukrom\u00e1 vysok\u00e1 \u0161kola v Praze","og_url":"https:\/\/www.vskk.cz\/cz\/aktuality\/studujici-vskk-oslavili-vyroci-tanciciho-domu\/","og_site_name":"Vysok\u00e1 \u0161kola kreativn\u00ed komunikace","article_modified_time":"2026-04-08T19:00:50+00:00","og_image":[{"url":"https:\/\/www.vskk.cz\/cz\/wp-content\/uploads\/sites\/2\/2026\/04\/tancici.png","width":800,"height":1080,"type":"image\/png"}],"twitter_card":"summary_large_image","twitter_misc":{"Odhadovan\u00e1 doba \u010dten\u00ed":"2 minuty"},"schema":{"@context":"https:\/\/schema.org","@graph":[{"@type":"WebPage","@id":"https:\/\/www.vskk.cz\/cz\/aktuality\/studujici-vskk-oslavili-vyroci-tanciciho-domu\/","url":"https:\/\/www.vskk.cz\/cz\/aktuality\/studujici-vskk-oslavili-vyroci-tanciciho-domu\/","name":"V\u0160KK - Vysok\u00e1 \u0161kola kreativn\u00ed komunikace","isPartOf":{"@id":"https:\/\/www.vskk.cz\/cz\/#website"},"primaryImageOfPage":{"@id":"https:\/\/www.vskk.cz\/cz\/aktuality\/studujici-vskk-oslavili-vyroci-tanciciho-domu\/#primaryimage"},"image":{"@id":"https:\/\/www.vskk.cz\/cz\/aktuality\/studujici-vskk-oslavili-vyroci-tanciciho-domu\/#primaryimage"},"thumbnailUrl":"https:\/\/www.vskk.cz\/cz\/wp-content\/uploads\/sites\/2\/2026\/04\/tancici.png","datePublished":"2026-04-08T19:00:26+00:00","dateModified":"2026-04-08T19:00:50+00:00","description":"V\u0160KK - Vysok\u00e1 \u0161kola kreativn\u00ed komunikace - Jedna \u0161kola, stovky p\u0159\u00edle\u017eitost\u00ed. Soukrom\u00e1 vysok\u00e1 \u0161kola v Praze","breadcrumb":{"@id":"https:\/\/www.vskk.cz\/cz\/aktuality\/studujici-vskk-oslavili-vyroci-tanciciho-domu\/#breadcrumb"},"inLanguage":"cs","potentialAction":[{"@type":"ReadAction","target":["https:\/\/www.vskk.cz\/cz\/aktuality\/studujici-vskk-oslavili-vyroci-tanciciho-domu\/"]}]},{"@type":"ImageObject","inLanguage":"cs","@id":"https:\/\/www.vskk.cz\/cz\/aktuality\/studujici-vskk-oslavili-vyroci-tanciciho-domu\/#primaryimage","url":"https:\/\/www.vskk.cz\/cz\/wp-content\/uploads\/sites\/2\/2026\/04\/tancici.png","contentUrl":"https:\/\/www.vskk.cz\/cz\/wp-content\/uploads\/sites\/2\/2026\/04\/tancici.png","width":1084,"height":1464},{"@type":"BreadcrumbList","@id":"https:\/\/www.vskk.cz\/cz\/aktuality\/studujici-vskk-oslavili-vyroci-tanciciho-domu\/#breadcrumb","itemListElement":[{"@type":"ListItem","position":1,"name":"Dom\u016f","item":"https:\/\/www.vskk.cz\/cz\/"},{"@type":"ListItem","position":2,"name":"Aktuality","item":"https:\/\/www.vskk.cz\/cz\/aktuality\/"},{"@type":"ListItem","position":3,"name":"Studuj\u00edc\u00ed V\u0160KK oslavili v\u00fdro\u010d\u00ed Tan\u010d\u00edc\u00edho domu"}]},{"@type":"WebSite","@id":"https:\/\/www.vskk.cz\/cz\/#website","url":"https:\/\/www.vskk.cz\/cz\/","name":"Vysok\u00e1 \u0161kola kreativn\u00ed komunikace","description":"","potentialAction":[{"@type":"SearchAction","target":{"@type":"EntryPoint","urlTemplate":"https:\/\/www.vskk.cz\/cz\/?s={search_term_string}"},"query-input":{"@type":"PropertyValueSpecification","valueRequired":true,"valueName":"search_term_string"}}],"inLanguage":"cs"}]}},"_links":{"self":[{"href":"https:\/\/www.vskk.cz\/cz\/wp-json\/wp\/v2\/pages\/20274","targetHints":{"allow":["GET"]}}],"collection":[{"href":"https:\/\/www.vskk.cz\/cz\/wp-json\/wp\/v2\/pages"}],"about":[{"href":"https:\/\/www.vskk.cz\/cz\/wp-json\/wp\/v2\/types\/page"}],"author":[{"embeddable":true,"href":"https:\/\/www.vskk.cz\/cz\/wp-json\/wp\/v2\/users\/9"}],"replies":[{"embeddable":true,"href":"https:\/\/www.vskk.cz\/cz\/wp-json\/wp\/v2\/comments?post=20274"}],"version-history":[{"count":2,"href":"https:\/\/www.vskk.cz\/cz\/wp-json\/wp\/v2\/pages\/20274\/revisions"}],"predecessor-version":[{"id":20277,"href":"https:\/\/www.vskk.cz\/cz\/wp-json\/wp\/v2\/pages\/20274\/revisions\/20277"}],"up":[{"embeddable":true,"href":"https:\/\/www.vskk.cz\/cz\/wp-json\/wp\/v2\/pages\/53"}],"wp:featuredmedia":[{"embeddable":true,"href":"https:\/\/www.vskk.cz\/cz\/wp-json\/wp\/v2\/media\/20275"}],"wp:attachment":[{"href":"https:\/\/www.vskk.cz\/cz\/wp-json\/wp\/v2\/media?parent=20274"}],"curies":[{"name":"wp","href":"https:\/\/api.w.org\/{rel}","templated":true}]}}