{"id":11801,"date":"2021-11-23T16:09:22","date_gmt":"2021-11-23T15:09:22","guid":{"rendered":"https:\/\/www.vskk.cz\/cz\/?page_id=11801"},"modified":"2021-11-23T16:09:54","modified_gmt":"2021-11-23T15:09:54","slug":"tri-knihy-nasich-studentu","status":"publish","type":"page","link":"https:\/\/www.vskk.cz\/cz\/aktuality\/tri-knihy-nasich-studentu\/","title":{"rendered":"T\u0159i knihy na\u0161ich student\u016f"},"content":{"rendered":"<p><img decoding=\"async\" class=\"alignnone size-medium wp-image-11804\" src=\"https:\/\/www.vskk.cz\/cz\/wp-content\/uploads\/sites\/2\/2021\/11\/vsechny-barvy-duhy-300x300.jpg\" alt=\"\" width=\"300\" height=\"300\" srcset=\"https:\/\/www.vskk.cz\/cz\/wp-content\/uploads\/sites\/2\/2021\/11\/vsechny-barvy-duhy-300x300.jpg 300w, https:\/\/www.vskk.cz\/cz\/wp-content\/uploads\/sites\/2\/2021\/11\/vsechny-barvy-duhy-1200x1200.jpg 1200w, https:\/\/www.vskk.cz\/cz\/wp-content\/uploads\/sites\/2\/2021\/11\/vsechny-barvy-duhy-150x150.jpg 150w, https:\/\/www.vskk.cz\/cz\/wp-content\/uploads\/sites\/2\/2021\/11\/vsechny-barvy-duhy-768x768.jpg 768w, https:\/\/www.vskk.cz\/cz\/wp-content\/uploads\/sites\/2\/2021\/11\/vsechny-barvy-duhy-1536x1536.jpg 1536w, https:\/\/www.vskk.cz\/cz\/wp-content\/uploads\/sites\/2\/2021\/11\/vsechny-barvy-duhy-398x398.jpg 398w, https:\/\/www.vskk.cz\/cz\/wp-content\/uploads\/sites\/2\/2021\/11\/vsechny-barvy-duhy-660x660.jpg 660w, https:\/\/www.vskk.cz\/cz\/wp-content\/uploads\/sites\/2\/2021\/11\/vsechny-barvy-duhy-200x200.jpg 200w, https:\/\/www.vskk.cz\/cz\/wp-content\/uploads\/sites\/2\/2021\/11\/vsechny-barvy-duhy-405x405.jpg 405w, https:\/\/www.vskk.cz\/cz\/wp-content\/uploads\/sites\/2\/2021\/11\/vsechny-barvy-duhy-1920x1920.jpg 1920w, https:\/\/www.vskk.cz\/cz\/wp-content\/uploads\/sites\/2\/2021\/11\/vsechny-barvy-duhy-270x270.jpg 270w, https:\/\/www.vskk.cz\/cz\/wp-content\/uploads\/sites\/2\/2021\/11\/vsechny-barvy-duhy-210x210.jpg 210w, https:\/\/www.vskk.cz\/cz\/wp-content\/uploads\/sites\/2\/2021\/11\/vsechny-barvy-duhy-90x90.jpg 90w, https:\/\/www.vskk.cz\/cz\/wp-content\/uploads\/sites\/2\/2021\/11\/vsechny-barvy-duhy-476x476.jpg 476w, https:\/\/www.vskk.cz\/cz\/wp-content\/uploads\/sites\/2\/2021\/11\/vsechny-barvy-duhy.jpg 2000w\" sizes=\"(max-width: 300px) 100vw, 300px\" \/><\/p>\n<p><strong>V\u0161echny barvy duhy. YOLI, 2021<\/strong><br \/>\nJeden\u00e1ct \u010desk\u00fdch autor\u016f, jeden\u00e1ct young adult pov\u00eddek o odvaze, p\u0159\u00e1telstv\u00ed, prvn\u00edch l\u00e1sk\u00e1ch i s\u00edle a odhodl\u00e1n\u00ed b\u00fdt skute\u010dn\u011b s\u00e1m sebou. Vedle zn\u00e1m\u00fdch YA autor\u016f, jak\u00fdmi jsou Theo Addair nebo Al\u017eb\u011bta B\u00edlkov\u00e1, p\u0159edstav\u00ed kniha i \u0159adu debutant\u016f. Jejich queer hrdinov\u00e9 hledaj\u00ed vlastn\u00ed identitu, navazuj\u00ed komplikovan\u00e9 a jedine\u010dn\u00e9 vztahy a sna\u017e\u00ed se naj\u00edt sv\u00e9 m\u00edsto ve spole\u010dnosti, kter\u00e1 je v&nbsp;ur\u010dit\u00fdch ohledech p\u0159ij\u00edm\u00e1, a v&nbsp;jin\u00fdch naopak diskriminuje. Pov\u00eddky Lucie Zelinkov\u00e9, Sam Xabyssus, S\u00e1ry V\u016fchov\u00e9, Michaela Waltra a dal\u0161\u00edch se v\u011bnuj\u00ed t\u00e9mat\u016fm homosexuality, bisexuality a coming outu, stejn\u011b jako nebinarity, transgender nebo asexuality&#8230;<\/p>\n<p><img decoding=\"async\" class=\"alignnone size-medium wp-image-11803\" src=\"https:\/\/www.vskk.cz\/cz\/wp-content\/uploads\/sites\/2\/2021\/11\/vuchova-300x300.jpg\" alt=\"\" width=\"300\" height=\"300\" srcset=\"https:\/\/www.vskk.cz\/cz\/wp-content\/uploads\/sites\/2\/2021\/11\/vuchova-300x300.jpg 300w, https:\/\/www.vskk.cz\/cz\/wp-content\/uploads\/sites\/2\/2021\/11\/vuchova-1200x1200.jpg 1200w, https:\/\/www.vskk.cz\/cz\/wp-content\/uploads\/sites\/2\/2021\/11\/vuchova-150x150.jpg 150w, https:\/\/www.vskk.cz\/cz\/wp-content\/uploads\/sites\/2\/2021\/11\/vuchova-768x768.jpg 768w, https:\/\/www.vskk.cz\/cz\/wp-content\/uploads\/sites\/2\/2021\/11\/vuchova-1536x1536.jpg 1536w, https:\/\/www.vskk.cz\/cz\/wp-content\/uploads\/sites\/2\/2021\/11\/vuchova-398x398.jpg 398w, https:\/\/www.vskk.cz\/cz\/wp-content\/uploads\/sites\/2\/2021\/11\/vuchova-660x660.jpg 660w, https:\/\/www.vskk.cz\/cz\/wp-content\/uploads\/sites\/2\/2021\/11\/vuchova-200x200.jpg 200w, https:\/\/www.vskk.cz\/cz\/wp-content\/uploads\/sites\/2\/2021\/11\/vuchova-405x405.jpg 405w, https:\/\/www.vskk.cz\/cz\/wp-content\/uploads\/sites\/2\/2021\/11\/vuchova-1920x1920.jpg 1920w, https:\/\/www.vskk.cz\/cz\/wp-content\/uploads\/sites\/2\/2021\/11\/vuchova-270x270.jpg 270w, https:\/\/www.vskk.cz\/cz\/wp-content\/uploads\/sites\/2\/2021\/11\/vuchova-210x210.jpg 210w, https:\/\/www.vskk.cz\/cz\/wp-content\/uploads\/sites\/2\/2021\/11\/vuchova-90x90.jpg 90w, https:\/\/www.vskk.cz\/cz\/wp-content\/uploads\/sites\/2\/2021\/11\/vuchova-476x476.jpg 476w, https:\/\/www.vskk.cz\/cz\/wp-content\/uploads\/sites\/2\/2021\/11\/vuchova.jpg 2000w\" sizes=\"(max-width: 300px) 100vw, 300px\" \/><\/p>\n<p><strong>S\u00e1ra V\u016fchov\u00e1: Zlat\u00e1 zna\u010d\u00ed osud. Yoli, 2021<\/strong><br \/>\nVeerle je norm\u00e1ln\u00ed d\u00edvka, kter\u00e1 sn\u00ed o tom, \u017ee se stane veterin\u00e1\u0159kou. Pokud je v\u0161ak jej\u00ed sen oby\u010dejn\u00fd, o no\u010dn\u00edch m\u016fr\u00e1ch to neplat\u00ed. V&nbsp;t\u011bch ji pron\u00e1sleduj\u00ed podivn\u00e9 bytosti a konec je v\u017edy stejn\u00fd. Rozervan\u00e9 hrdlo. A pak se jednoho dne probud\u00ed a p\u0159\u00edmo u sebe v&nbsp;pokoji najde podivnou bytost s&nbsp;ko\u010di\u010d\u00edmi rysy drav\u00e9 \u0161elmy\u2026 Tugger m\u00e1 v\u0161e na h\u00e1ku. Od \u017eivota u\u017e d\u00e1vno nic ne\u010dek\u00e1. Tedy mo\u017en\u00e1 je\u0161t\u011b z\u00e1bavu, sex a klid. Jinak hodl\u00e1 b\u00fdt tou nejlep\u0161\u00ed osinou v&nbsp;zadku pro kohokoliv, kdo by po n\u011bm cht\u011bl n\u011bjakou odpov\u011bdnost nebo nedejbo\u017ee empatii. Jen\u017ee te\u010f se mus\u00ed postarat o jednu r\u00e1znou d\u00edvku. Proto\u017ee jeho p\u0159\u00e1tele n\u011bkdo vra\u017ed\u00ed a pr\u00e1v\u011b Veerle m\u016f\u017ee b\u00fdt odpov\u011bd\u00ed i \u0159e\u0161en\u00edm. Dok\u00e1\u017ee ale Veerle p\u0159ijmout existenci heathwaitsk\u00fdch ko\u010dek? Tvor\u016f, kte\u0159\u00ed \u017eij\u00ed nepoznan\u00ed mezi n\u00e1mi a mezi nimi\u017e zu\u0159\u00ed krvav\u00fd boj o runov\u00e9 kameny slibuj\u00edc\u00ed \u017eivot i smrt? Pokud chce zachr\u00e1nit sv\u00e9 bl\u00edzk\u00e9 i sebe samu, bude muset. Nejprve ale mo\u017en\u00e1 Tuggera za\u0161krt\u00ed, proto\u017ee ten zmetek si o to koleduje. A jestli si mysl\u00ed, \u017ee co se \u0161k\u00e1dl\u00edv\u00e1, to se r\u00e1do m\u00edv\u00e1, tak se \u0161eredn\u011b plete!<\/p>\n<p><img decoding=\"async\" class=\"alignnone size-medium wp-image-11802\" src=\"https:\/\/www.vskk.cz\/cz\/wp-content\/uploads\/sites\/2\/2021\/11\/kotleta-300x300.jpg\" alt=\"\" width=\"300\" height=\"300\" srcset=\"https:\/\/www.vskk.cz\/cz\/wp-content\/uploads\/sites\/2\/2021\/11\/kotleta-300x300.jpg 300w, https:\/\/www.vskk.cz\/cz\/wp-content\/uploads\/sites\/2\/2021\/11\/kotleta-1200x1200.jpg 1200w, https:\/\/www.vskk.cz\/cz\/wp-content\/uploads\/sites\/2\/2021\/11\/kotleta-150x150.jpg 150w, https:\/\/www.vskk.cz\/cz\/wp-content\/uploads\/sites\/2\/2021\/11\/kotleta-768x768.jpg 768w, https:\/\/www.vskk.cz\/cz\/wp-content\/uploads\/sites\/2\/2021\/11\/kotleta-1536x1536.jpg 1536w, https:\/\/www.vskk.cz\/cz\/wp-content\/uploads\/sites\/2\/2021\/11\/kotleta-398x398.jpg 398w, https:\/\/www.vskk.cz\/cz\/wp-content\/uploads\/sites\/2\/2021\/11\/kotleta-660x660.jpg 660w, https:\/\/www.vskk.cz\/cz\/wp-content\/uploads\/sites\/2\/2021\/11\/kotleta-200x200.jpg 200w, https:\/\/www.vskk.cz\/cz\/wp-content\/uploads\/sites\/2\/2021\/11\/kotleta-405x405.jpg 405w, https:\/\/www.vskk.cz\/cz\/wp-content\/uploads\/sites\/2\/2021\/11\/kotleta-1920x1920.jpg 1920w, https:\/\/www.vskk.cz\/cz\/wp-content\/uploads\/sites\/2\/2021\/11\/kotleta-270x270.jpg 270w, https:\/\/www.vskk.cz\/cz\/wp-content\/uploads\/sites\/2\/2021\/11\/kotleta-210x210.jpg 210w, https:\/\/www.vskk.cz\/cz\/wp-content\/uploads\/sites\/2\/2021\/11\/kotleta-90x90.jpg 90w, https:\/\/www.vskk.cz\/cz\/wp-content\/uploads\/sites\/2\/2021\/11\/kotleta-476x476.jpg 476w, https:\/\/www.vskk.cz\/cz\/wp-content\/uploads\/sites\/2\/2021\/11\/kotleta.jpg 2000w\" sizes=\"(max-width: 300px) 100vw, 300px\" \/><\/p>\n<p><strong>Kr\u00e1sky a vet\u0159elci &#8211; Pulp Stories. Ed. Leo\u0161 Ky\u0161a, Michaela Merglov\u00e1. Epocha, 2021<\/strong><br \/>\nFantastika je \u00fa\u017easn\u00e1 v&nbsp;jedn\u00e9 v\u011bci \u2013 m\u016f\u017eete ps\u00e1t prakticky cokoliv a o \u010demkoliv. M\u016f\u017eete kl\u00e1st z\u00e1sadn\u00ed filosofick\u00e9 ot\u00e1zky, bourat tabu i \u0159e\u0161it slo\u017eit\u00e1 spole\u010densk\u00e1 dilemata. A tak\u00e9 se m\u016f\u017eete bavit, d\u011blat si z&nbsp;v\u011bc\u00ed legraci a b\u00fdt tak sexu\u00e1ln\u011b explicitn\u00ed, jak v\u00e1m to jenom vlastn\u00ed stud dovol\u00ed. A to nejlep\u0161\u00ed na fantastice spo\u010d\u00edv\u00e1 v&nbsp;tom, \u017ee m\u016f\u017eete \u00fapln\u011b v\u0161echno dohromady. Vz\u00edt hromadu mimozem\u0161\u0165an\u016f, nechat je kopulovat s&nbsp;t\u011bmi nejprsat\u011bj\u0161\u00edmi kr\u00e1skami ze v\u0161ech pozemsk\u00fdch ras, a je\u0161t\u011b si zadumat nad ot\u00e1zkou zneu\u017e\u00edv\u00e1n\u00ed moci v&nbsp;mezilidsk\u00fdch vztaz\u00edch. Anebo taky ne. Fantastika je toti\u017e svobodn\u00e1, proto\u017ee i jej\u00ed auto\u0159i jsou ve sv\u00e9 tvorb\u011b ti nejsvobodn\u011bj\u0161\u00ed, a nejz\u00e1bavn\u011bj\u0161\u00ed ze v\u0161ech \u017e\u00e1nr\u016f, co se v&nbsp;t\u00e9hle zemi p\u011bstuj\u00ed. Jak moc, to ukazuje tahle antologie. \u010ct\u011bte a bavte se. Anebo hloubejte. Anebo ne. Je to jen na v\u00e1s. Vejdou mimozem\u0161\u0165an, \u010cech a \u017dmrnlub do baru a \u010cech \u0159ekne: \u201eCo je, sakra, \u017dmrnlub?\u201c A\u0165 je to cokoliv, v&nbsp;t\u00e9hle knize to nenajdete. Na rozd\u00edl od mimozem\u0161\u0165an\u016f a \u010cech\u016f. A \u010ce\u0161ek. A boj\u016f mezi nimi. Tedy mimozem\u0161\u0165any a \u010cechy. A \u010ce\u0161kami. Jak to dopadne, je jasn\u00e9: Jsme p\u0159ece \u010ce\u0161i. Nevzd\u00e1me se. A pokud, bude p\u0159itom alespo\u0148 sranda. A taky hromada sexu. Nov\u00e1 antologie tuzemsk\u00e9 fantastiky p\u0159in\u00e1\u0161\u00ed to nejlep\u0161\u00ed, co se o st\u0159etu mezi mimozem\u0161\u0165any a lidmi d\u00e1 napsat. S&nbsp;n\u00e1dechem zlat\u00e9ho v\u011bku sv\u011btov\u00e9 sci-fi a poctivou d\u00e1vkou \u010desk\u00e9 a slovensk\u00e9 neomalenosti a schopnosti p\u0159ij\u00edt s&nbsp;p\u0159\u00edb\u011bhy, p\u0159i kter\u00fdch se budete sm\u00e1t, b\u00e1t, bavit i \u010dervenat. \u010cekaj\u00ed v\u00e1s ost\u0159\u00edlen\u00ed auto\u0159i, kr\u00e1sky, krasavci, emz\u00e1ci i hnus\u00e1ci a jako bonus komiks o holk\u00e1ch z&nbsp;bombard\u00e9ru, nacistech a l\u00e9taj\u00edc\u00edch tal\u00ed\u0159\u00edch. Do antologie p\u0159isp\u011bli: Al\u017eb\u011bta B\u00edlkov\u00e1, Roman Bure\u0161, Dan \u010cern\u00fd, Martin Fajkus, Oskar Fuchs, Petr Hete\u0161a, Peter Jel\u00ednek, Jan Kotou\u010d, Franti\u0161ek Kotleta, Vil\u00e9m Koubek, Lucie Luka\u010dovi\u010dov\u00e1, Michaela Merglov\u00e1, Martin<br \/>\nPaytok, Judith Random, Krist\u00fdna Sn\u011bgo\u0148ov\u00e1, Dalibor V\u00e1cha, S\u00e1ra V\u016fchov\u00e1, Ivo \u017delezn\u00fd.<\/p>\n","protected":false},"excerpt":{"rendered":"<p>V\u0161echny barvy duhy. YOLI, 2021 Jeden\u00e1ct \u010desk\u00fdch autor\u016f, jeden\u00e1ct young&hellip;<\/p>\n","protected":false},"author":9,"featured_media":11805,"parent":53,"menu_order":0,"comment_status":"closed","ping_status":"closed","template":"news.php","meta":{"_acf_changed":false,"episode_type":"","audio_file":"","podmotor_file_id":"","podmotor_episode_id":"","cover_image":"","cover_image_id":"","duration":"","filesize":"","filesize_raw":"","date_recorded":"","explicit":"","block":"","itunes_episode_number":"","itunes_title":"","itunes_season_number":"","itunes_episode_type":"","footnotes":""},"class_list":["post-11801","page","type-page","status-publish","has-post-thumbnail","hentry"],"acf":[],"yoast_head":"<!-- This site is optimized with the Yoast SEO plugin v27.3 - https:\/\/yoast.com\/product\/yoast-seo-wordpress\/ -->\n<title>V\u0160KK - Vysok\u00e1 \u0161kola kreativn\u00ed komunikace<\/title>\n<meta name=\"description\" content=\"V\u0160KK - Vysok\u00e1 \u0161kola kreativn\u00ed komunikace - Jedna \u0161kola, stovky p\u0159\u00edle\u017eitost\u00ed. Soukrom\u00e1 vysok\u00e1 \u0161kola v Praze\" \/>\n<meta name=\"robots\" content=\"index, follow, max-snippet:-1, max-image-preview:large, max-video-preview:-1\" \/>\n<link rel=\"canonical\" href=\"https:\/\/www.vskk.cz\/cz\/aktuality\/tri-knihy-nasich-studentu\/\" \/>\n<meta property=\"og:locale\" content=\"cs_CZ\" \/>\n<meta property=\"og:type\" content=\"article\" \/>\n<meta property=\"og:title\" content=\"V\u0160KK - Vysok\u00e1 \u0161kola kreativn\u00ed komunikace\" \/>\n<meta property=\"og:description\" content=\"V\u0160KK - Vysok\u00e1 \u0161kola kreativn\u00ed komunikace - Jedna \u0161kola, stovky p\u0159\u00edle\u017eitost\u00ed. Soukrom\u00e1 vysok\u00e1 \u0161kola v Praze\" \/>\n<meta property=\"og:url\" content=\"https:\/\/www.vskk.cz\/cz\/aktuality\/tri-knihy-nasich-studentu\/\" \/>\n<meta property=\"og:site_name\" content=\"Vysok\u00e1 \u0161kola kreativn\u00ed komunikace\" \/>\n<meta property=\"article:modified_time\" content=\"2021-11-23T15:09:54+00:00\" \/>\n<meta property=\"og:image\" content=\"https:\/\/www.vskk.cz\/cz\/wp-content\/uploads\/sites\/2\/2021\/11\/knihy.jpg\" \/>\n\t<meta property=\"og:image:width\" content=\"290\" \/>\n\t<meta property=\"og:image:height\" content=\"290\" \/>\n\t<meta property=\"og:image:type\" content=\"image\/jpeg\" \/>\n<meta name=\"twitter:card\" content=\"summary_large_image\" \/>\n<meta name=\"twitter:label1\" content=\"Odhadovan\u00e1 doba \u010dten\u00ed\" \/>\n\t<meta name=\"twitter:data1\" content=\"4 minuty\" \/>\n<script type=\"application\/ld+json\" class=\"yoast-schema-graph\">{\"@context\":\"https:\\\/\\\/schema.org\",\"@graph\":[{\"@type\":\"WebPage\",\"@id\":\"https:\\\/\\\/www.vskk.cz\\\/cz\\\/aktuality\\\/tri-knihy-nasich-studentu\\\/\",\"url\":\"https:\\\/\\\/www.vskk.cz\\\/cz\\\/aktuality\\\/tri-knihy-nasich-studentu\\\/\",\"name\":\"V\u0160KK - Vysok\u00e1 \u0161kola kreativn\u00ed komunikace\",\"isPartOf\":{\"@id\":\"https:\\\/\\\/www.vskk.cz\\\/cz\\\/#website\"},\"primaryImageOfPage\":{\"@id\":\"https:\\\/\\\/www.vskk.cz\\\/cz\\\/aktuality\\\/tri-knihy-nasich-studentu\\\/#primaryimage\"},\"image\":{\"@id\":\"https:\\\/\\\/www.vskk.cz\\\/cz\\\/aktuality\\\/tri-knihy-nasich-studentu\\\/#primaryimage\"},\"thumbnailUrl\":\"https:\\\/\\\/www.vskk.cz\\\/cz\\\/wp-content\\\/uploads\\\/sites\\\/2\\\/2021\\\/11\\\/knihy.jpg\",\"datePublished\":\"2021-11-23T15:09:22+00:00\",\"dateModified\":\"2021-11-23T15:09:54+00:00\",\"description\":\"V\u0160KK - Vysok\u00e1 \u0161kola kreativn\u00ed komunikace - Jedna \u0161kola, stovky p\u0159\u00edle\u017eitost\u00ed. Soukrom\u00e1 vysok\u00e1 \u0161kola v Praze\",\"breadcrumb\":{\"@id\":\"https:\\\/\\\/www.vskk.cz\\\/cz\\\/aktuality\\\/tri-knihy-nasich-studentu\\\/#breadcrumb\"},\"inLanguage\":\"cs\",\"potentialAction\":[{\"@type\":\"ReadAction\",\"target\":[\"https:\\\/\\\/www.vskk.cz\\\/cz\\\/aktuality\\\/tri-knihy-nasich-studentu\\\/\"]}]},{\"@type\":\"ImageObject\",\"inLanguage\":\"cs\",\"@id\":\"https:\\\/\\\/www.vskk.cz\\\/cz\\\/aktuality\\\/tri-knihy-nasich-studentu\\\/#primaryimage\",\"url\":\"https:\\\/\\\/www.vskk.cz\\\/cz\\\/wp-content\\\/uploads\\\/sites\\\/2\\\/2021\\\/11\\\/knihy.jpg\",\"contentUrl\":\"https:\\\/\\\/www.vskk.cz\\\/cz\\\/wp-content\\\/uploads\\\/sites\\\/2\\\/2021\\\/11\\\/knihy.jpg\",\"width\":290,\"height\":290},{\"@type\":\"BreadcrumbList\",\"@id\":\"https:\\\/\\\/www.vskk.cz\\\/cz\\\/aktuality\\\/tri-knihy-nasich-studentu\\\/#breadcrumb\",\"itemListElement\":[{\"@type\":\"ListItem\",\"position\":1,\"name\":\"Dom\u016f\",\"item\":\"https:\\\/\\\/www.vskk.cz\\\/cz\\\/\"},{\"@type\":\"ListItem\",\"position\":2,\"name\":\"Aktuality\",\"item\":\"https:\\\/\\\/www.vskk.cz\\\/cz\\\/aktuality\\\/\"},{\"@type\":\"ListItem\",\"position\":3,\"name\":\"T\u0159i knihy na\u0161ich student\u016f\"}]},{\"@type\":\"WebSite\",\"@id\":\"https:\\\/\\\/www.vskk.cz\\\/cz\\\/#website\",\"url\":\"https:\\\/\\\/www.vskk.cz\\\/cz\\\/\",\"name\":\"Vysok\u00e1 \u0161kola kreativn\u00ed komunikace\",\"description\":\"\",\"potentialAction\":[{\"@type\":\"SearchAction\",\"target\":{\"@type\":\"EntryPoint\",\"urlTemplate\":\"https:\\\/\\\/www.vskk.cz\\\/cz\\\/?s={search_term_string}\"},\"query-input\":{\"@type\":\"PropertyValueSpecification\",\"valueRequired\":true,\"valueName\":\"search_term_string\"}}],\"inLanguage\":\"cs\"}]}<\/script>\n<!-- \/ Yoast SEO plugin. -->","yoast_head_json":{"title":"V\u0160KK - Vysok\u00e1 \u0161kola kreativn\u00ed komunikace","description":"V\u0160KK - Vysok\u00e1 \u0161kola kreativn\u00ed komunikace - Jedna \u0161kola, stovky p\u0159\u00edle\u017eitost\u00ed. Soukrom\u00e1 vysok\u00e1 \u0161kola v Praze","robots":{"index":"index","follow":"follow","max-snippet":"max-snippet:-1","max-image-preview":"max-image-preview:large","max-video-preview":"max-video-preview:-1"},"canonical":"https:\/\/www.vskk.cz\/cz\/aktuality\/tri-knihy-nasich-studentu\/","og_locale":"cs_CZ","og_type":"article","og_title":"V\u0160KK - Vysok\u00e1 \u0161kola kreativn\u00ed komunikace","og_description":"V\u0160KK - Vysok\u00e1 \u0161kola kreativn\u00ed komunikace - Jedna \u0161kola, stovky p\u0159\u00edle\u017eitost\u00ed. Soukrom\u00e1 vysok\u00e1 \u0161kola v Praze","og_url":"https:\/\/www.vskk.cz\/cz\/aktuality\/tri-knihy-nasich-studentu\/","og_site_name":"Vysok\u00e1 \u0161kola kreativn\u00ed komunikace","article_modified_time":"2021-11-23T15:09:54+00:00","og_image":[{"width":290,"height":290,"url":"https:\/\/www.vskk.cz\/cz\/wp-content\/uploads\/sites\/2\/2021\/11\/knihy.jpg","type":"image\/jpeg"}],"twitter_card":"summary_large_image","twitter_misc":{"Odhadovan\u00e1 doba \u010dten\u00ed":"4 minuty"},"schema":{"@context":"https:\/\/schema.org","@graph":[{"@type":"WebPage","@id":"https:\/\/www.vskk.cz\/cz\/aktuality\/tri-knihy-nasich-studentu\/","url":"https:\/\/www.vskk.cz\/cz\/aktuality\/tri-knihy-nasich-studentu\/","name":"V\u0160KK - Vysok\u00e1 \u0161kola kreativn\u00ed komunikace","isPartOf":{"@id":"https:\/\/www.vskk.cz\/cz\/#website"},"primaryImageOfPage":{"@id":"https:\/\/www.vskk.cz\/cz\/aktuality\/tri-knihy-nasich-studentu\/#primaryimage"},"image":{"@id":"https:\/\/www.vskk.cz\/cz\/aktuality\/tri-knihy-nasich-studentu\/#primaryimage"},"thumbnailUrl":"https:\/\/www.vskk.cz\/cz\/wp-content\/uploads\/sites\/2\/2021\/11\/knihy.jpg","datePublished":"2021-11-23T15:09:22+00:00","dateModified":"2021-11-23T15:09:54+00:00","description":"V\u0160KK - Vysok\u00e1 \u0161kola kreativn\u00ed komunikace - Jedna \u0161kola, stovky p\u0159\u00edle\u017eitost\u00ed. Soukrom\u00e1 vysok\u00e1 \u0161kola v Praze","breadcrumb":{"@id":"https:\/\/www.vskk.cz\/cz\/aktuality\/tri-knihy-nasich-studentu\/#breadcrumb"},"inLanguage":"cs","potentialAction":[{"@type":"ReadAction","target":["https:\/\/www.vskk.cz\/cz\/aktuality\/tri-knihy-nasich-studentu\/"]}]},{"@type":"ImageObject","inLanguage":"cs","@id":"https:\/\/www.vskk.cz\/cz\/aktuality\/tri-knihy-nasich-studentu\/#primaryimage","url":"https:\/\/www.vskk.cz\/cz\/wp-content\/uploads\/sites\/2\/2021\/11\/knihy.jpg","contentUrl":"https:\/\/www.vskk.cz\/cz\/wp-content\/uploads\/sites\/2\/2021\/11\/knihy.jpg","width":290,"height":290},{"@type":"BreadcrumbList","@id":"https:\/\/www.vskk.cz\/cz\/aktuality\/tri-knihy-nasich-studentu\/#breadcrumb","itemListElement":[{"@type":"ListItem","position":1,"name":"Dom\u016f","item":"https:\/\/www.vskk.cz\/cz\/"},{"@type":"ListItem","position":2,"name":"Aktuality","item":"https:\/\/www.vskk.cz\/cz\/aktuality\/"},{"@type":"ListItem","position":3,"name":"T\u0159i knihy na\u0161ich student\u016f"}]},{"@type":"WebSite","@id":"https:\/\/www.vskk.cz\/cz\/#website","url":"https:\/\/www.vskk.cz\/cz\/","name":"Vysok\u00e1 \u0161kola kreativn\u00ed komunikace","description":"","potentialAction":[{"@type":"SearchAction","target":{"@type":"EntryPoint","urlTemplate":"https:\/\/www.vskk.cz\/cz\/?s={search_term_string}"},"query-input":{"@type":"PropertyValueSpecification","valueRequired":true,"valueName":"search_term_string"}}],"inLanguage":"cs"}]}},"_links":{"self":[{"href":"https:\/\/www.vskk.cz\/cz\/wp-json\/wp\/v2\/pages\/11801","targetHints":{"allow":["GET"]}}],"collection":[{"href":"https:\/\/www.vskk.cz\/cz\/wp-json\/wp\/v2\/pages"}],"about":[{"href":"https:\/\/www.vskk.cz\/cz\/wp-json\/wp\/v2\/types\/page"}],"author":[{"embeddable":true,"href":"https:\/\/www.vskk.cz\/cz\/wp-json\/wp\/v2\/users\/9"}],"replies":[{"embeddable":true,"href":"https:\/\/www.vskk.cz\/cz\/wp-json\/wp\/v2\/comments?post=11801"}],"version-history":[{"count":2,"href":"https:\/\/www.vskk.cz\/cz\/wp-json\/wp\/v2\/pages\/11801\/revisions"}],"predecessor-version":[{"id":11807,"href":"https:\/\/www.vskk.cz\/cz\/wp-json\/wp\/v2\/pages\/11801\/revisions\/11807"}],"up":[{"embeddable":true,"href":"https:\/\/www.vskk.cz\/cz\/wp-json\/wp\/v2\/pages\/53"}],"wp:featuredmedia":[{"embeddable":true,"href":"https:\/\/www.vskk.cz\/cz\/wp-json\/wp\/v2\/media\/11805"}],"wp:attachment":[{"href":"https:\/\/www.vskk.cz\/cz\/wp-json\/wp\/v2\/media?parent=11801"}],"curies":[{"name":"wp","href":"https:\/\/api.w.org\/{rel}","templated":true}]}}