{"id":11446,"date":"2021-10-19T16:46:58","date_gmt":"2021-10-19T14:46:58","guid":{"rendered":"https:\/\/www.vskk.cz\/cz\/?page_id=11446"},"modified":"2021-10-19T16:46:58","modified_gmt":"2021-10-19T14:46:58","slug":"performance-marketing-masters","status":"publish","type":"page","link":"https:\/\/www.vskk.cz\/cz\/aktuality\/performance-marketing-masters\/","title":{"rendered":"Performance Marketing Masters"},"content":{"rendered":"<p>Zprost\u0159edkov\u00e1v\u00e1me v\u00e1m nab\u00eddku:<\/p>\n<p><img decoding=\"async\" class=\"alignnone wp-image-11449 size-medium\" src=\"https:\/\/www.vskk.cz\/cz\/wp-content\/uploads\/sites\/2\/2021\/10\/TICKPO_1-300x221.png\" alt=\"\" width=\"300\" height=\"221\" srcset=\"https:\/\/www.vskk.cz\/cz\/wp-content\/uploads\/sites\/2\/2021\/10\/TICKPO_1-300x221.png 300w, https:\/\/www.vskk.cz\/cz\/wp-content\/uploads\/sites\/2\/2021\/10\/TICKPO_1-1200x882.png 1200w, https:\/\/www.vskk.cz\/cz\/wp-content\/uploads\/sites\/2\/2021\/10\/TICKPO_1-768x565.png 768w, https:\/\/www.vskk.cz\/cz\/wp-content\/uploads\/sites\/2\/2021\/10\/TICKPO_1-541x398.png 541w, https:\/\/www.vskk.cz\/cz\/wp-content\/uploads\/sites\/2\/2021\/10\/TICKPO_1-898x660.png 898w, https:\/\/www.vskk.cz\/cz\/wp-content\/uploads\/sites\/2\/2021\/10\/TICKPO_1-200x147.png 200w, https:\/\/www.vskk.cz\/cz\/wp-content\/uploads\/sites\/2\/2021\/10\/TICKPO_1-551x405.png 551w, https:\/\/www.vskk.cz\/cz\/wp-content\/uploads\/sites\/2\/2021\/10\/TICKPO_1-270x199.png 270w, https:\/\/www.vskk.cz\/cz\/wp-content\/uploads\/sites\/2\/2021\/10\/TICKPO_1-122x90.png 122w, https:\/\/www.vskk.cz\/cz\/wp-content\/uploads\/sites\/2\/2021\/10\/TICKPO_1-600x441.png 600w, https:\/\/www.vskk.cz\/cz\/wp-content\/uploads\/sites\/2\/2021\/10\/TICKPO_1.png 1360w\" sizes=\"(max-width: 300px) 100vw, 300px\" \/><\/p>\n<p>Dobr\u00fd de\u0148. Rozhodli sme sa Va\u0161im \u0161tudentom pon\u00faknu\u0165<strong> 50% z\u013eavu<\/strong> na na\u0161u konferenciu <strong>Performance Marketing Masters<\/strong>. L\u00edstky s\u00fa dostupn\u00e9 <a href=\"https:\/\/tickpo.zoznam.sk\/sk\/listky\/performance-marketing-masters-26835\/\" target=\"_blank\" rel=\"noopener\">zde<\/a>. Viac inform\u00e1cii o konferencii n\u00e1jdete na <a href=\"https:\/\/makeitdigital.sk\/\" target=\"_blank\" rel=\"noopener\">makeitdigital.sk<\/a><\/p>\n<p>K\u00f3d m\u00f4\u017eu \u0161tudenti pou\u017ei\u0165 na online aj offline l\u00edstky.<br \/>\nK\u00d3D: <strong>PMMstudenti<\/strong><\/p>\n<p><img decoding=\"async\" class=\"alignnone wp-image-11447 size-large\" src=\"https:\/\/www.vskk.cz\/cz\/wp-content\/uploads\/sites\/2\/2021\/10\/Sni\u0301mek-obrazovky-2021-10-19-v-16.43.14-1200x649.png\" alt=\"\" width=\"1200\" height=\"649\" srcset=\"https:\/\/www.vskk.cz\/cz\/wp-content\/uploads\/sites\/2\/2021\/10\/Sni\u0301mek-obrazovky-2021-10-19-v-16.43.14-1200x649.png 1200w, https:\/\/www.vskk.cz\/cz\/wp-content\/uploads\/sites\/2\/2021\/10\/Sni\u0301mek-obrazovky-2021-10-19-v-16.43.14-300x162.png 300w, https:\/\/www.vskk.cz\/cz\/wp-content\/uploads\/sites\/2\/2021\/10\/Sni\u0301mek-obrazovky-2021-10-19-v-16.43.14-768x415.png 768w, https:\/\/www.vskk.cz\/cz\/wp-content\/uploads\/sites\/2\/2021\/10\/Sni\u0301mek-obrazovky-2021-10-19-v-16.43.14-1536x831.png 1536w, https:\/\/www.vskk.cz\/cz\/wp-content\/uploads\/sites\/2\/2021\/10\/Sni\u0301mek-obrazovky-2021-10-19-v-16.43.14.png 2048w, https:\/\/www.vskk.cz\/cz\/wp-content\/uploads\/sites\/2\/2021\/10\/Sni\u0301mek-obrazovky-2021-10-19-v-16.43.14-670x362.png 670w, https:\/\/www.vskk.cz\/cz\/wp-content\/uploads\/sites\/2\/2021\/10\/Sni\u0301mek-obrazovky-2021-10-19-v-16.43.14-1221x660.png 1221w, https:\/\/www.vskk.cz\/cz\/wp-content\/uploads\/sites\/2\/2021\/10\/Sni\u0301mek-obrazovky-2021-10-19-v-16.43.14-200x108.png 200w, https:\/\/www.vskk.cz\/cz\/wp-content\/uploads\/sites\/2\/2021\/10\/Sni\u0301mek-obrazovky-2021-10-19-v-16.43.14-749x405.png 749w, https:\/\/www.vskk.cz\/cz\/wp-content\/uploads\/sites\/2\/2021\/10\/Sni\u0301mek-obrazovky-2021-10-19-v-16.43.14-1920x1038.png 1920w, https:\/\/www.vskk.cz\/cz\/wp-content\/uploads\/sites\/2\/2021\/10\/Sni\u0301mek-obrazovky-2021-10-19-v-16.43.14-270x146.png 270w, https:\/\/www.vskk.cz\/cz\/wp-content\/uploads\/sites\/2\/2021\/10\/Sni\u0301mek-obrazovky-2021-10-19-v-16.43.14-166x90.png 166w, https:\/\/www.vskk.cz\/cz\/wp-content\/uploads\/sites\/2\/2021\/10\/Sni\u0301mek-obrazovky-2021-10-19-v-16.43.14-600x324.png 600w\" sizes=\"(max-width: 1200px) 100vw, 1200px\" \/><\/p>\n<p>&nbsp;<\/p>\n","protected":false},"excerpt":{"rendered":"<p>Zprost\u0159edkov\u00e1v\u00e1me v\u00e1m nab\u00eddku: Dobr\u00fd de\u0148. Rozhodli sme sa Va\u0161im \u0161tudentom&hellip;<\/p>\n","protected":false},"author":9,"featured_media":11448,"parent":53,"menu_order":0,"comment_status":"closed","ping_status":"closed","template":"news.php","meta":{"_acf_changed":false,"episode_type":"","audio_file":"","podmotor_file_id":"","podmotor_episode_id":"","cover_image":"","cover_image_id":"","duration":"","filesize":"","filesize_raw":"","date_recorded":"","explicit":"","block":"","itunes_episode_number":"","itunes_title":"","itunes_season_number":"","itunes_episode_type":"","footnotes":""},"class_list":["post-11446","page","type-page","status-publish","has-post-thumbnail","hentry"],"acf":[],"yoast_head":"<!-- This site is optimized with the Yoast SEO plugin v27.3 - https:\/\/yoast.com\/product\/yoast-seo-wordpress\/ -->\n<title>V\u0160KK - Vysok\u00e1 \u0161kola kreativn\u00ed komunikace<\/title>\n<meta name=\"description\" content=\"V\u0160KK - Vysok\u00e1 \u0161kola kreativn\u00ed komunikace - Jedna \u0161kola, stovky p\u0159\u00edle\u017eitost\u00ed. Soukrom\u00e1 vysok\u00e1 \u0161kola v Praze\" \/>\n<meta name=\"robots\" content=\"index, follow, max-snippet:-1, max-image-preview:large, max-video-preview:-1\" \/>\n<link rel=\"canonical\" href=\"https:\/\/www.vskk.cz\/cz\/aktuality\/performance-marketing-masters\/\" \/>\n<meta property=\"og:locale\" content=\"cs_CZ\" \/>\n<meta property=\"og:type\" content=\"article\" \/>\n<meta property=\"og:title\" content=\"V\u0160KK - Vysok\u00e1 \u0161kola kreativn\u00ed komunikace\" \/>\n<meta property=\"og:description\" content=\"V\u0160KK - Vysok\u00e1 \u0161kola kreativn\u00ed komunikace - Jedna \u0161kola, stovky p\u0159\u00edle\u017eitost\u00ed. Soukrom\u00e1 vysok\u00e1 \u0161kola v Praze\" \/>\n<meta property=\"og:url\" content=\"https:\/\/www.vskk.cz\/cz\/aktuality\/performance-marketing-masters\/\" \/>\n<meta property=\"og:site_name\" content=\"Vysok\u00e1 \u0161kola kreativn\u00ed komunikace\" \/>\n<meta property=\"og:image\" content=\"https:\/\/www.vskk.cz\/cz\/wp-content\/uploads\/sites\/2\/2021\/10\/konf.jpg\" \/>\n\t<meta property=\"og:image:width\" content=\"290\" \/>\n\t<meta property=\"og:image:height\" content=\"290\" \/>\n\t<meta property=\"og:image:type\" content=\"image\/jpeg\" \/>\n<meta name=\"twitter:card\" content=\"summary_large_image\" \/>\n<script type=\"application\/ld+json\" class=\"yoast-schema-graph\">{\"@context\":\"https:\\\/\\\/schema.org\",\"@graph\":[{\"@type\":\"WebPage\",\"@id\":\"https:\\\/\\\/www.vskk.cz\\\/cz\\\/aktuality\\\/performance-marketing-masters\\\/\",\"url\":\"https:\\\/\\\/www.vskk.cz\\\/cz\\\/aktuality\\\/performance-marketing-masters\\\/\",\"name\":\"V\u0160KK - Vysok\u00e1 \u0161kola kreativn\u00ed komunikace\",\"isPartOf\":{\"@id\":\"https:\\\/\\\/www.vskk.cz\\\/cz\\\/#website\"},\"primaryImageOfPage\":{\"@id\":\"https:\\\/\\\/www.vskk.cz\\\/cz\\\/aktuality\\\/performance-marketing-masters\\\/#primaryimage\"},\"image\":{\"@id\":\"https:\\\/\\\/www.vskk.cz\\\/cz\\\/aktuality\\\/performance-marketing-masters\\\/#primaryimage\"},\"thumbnailUrl\":\"https:\\\/\\\/www.vskk.cz\\\/cz\\\/wp-content\\\/uploads\\\/sites\\\/2\\\/2021\\\/10\\\/konf.jpg\",\"datePublished\":\"2021-10-19T14:46:58+00:00\",\"description\":\"V\u0160KK - Vysok\u00e1 \u0161kola kreativn\u00ed komunikace - Jedna \u0161kola, stovky p\u0159\u00edle\u017eitost\u00ed. Soukrom\u00e1 vysok\u00e1 \u0161kola v Praze\",\"breadcrumb\":{\"@id\":\"https:\\\/\\\/www.vskk.cz\\\/cz\\\/aktuality\\\/performance-marketing-masters\\\/#breadcrumb\"},\"inLanguage\":\"cs\",\"potentialAction\":[{\"@type\":\"ReadAction\",\"target\":[\"https:\\\/\\\/www.vskk.cz\\\/cz\\\/aktuality\\\/performance-marketing-masters\\\/\"]}]},{\"@type\":\"ImageObject\",\"inLanguage\":\"cs\",\"@id\":\"https:\\\/\\\/www.vskk.cz\\\/cz\\\/aktuality\\\/performance-marketing-masters\\\/#primaryimage\",\"url\":\"https:\\\/\\\/www.vskk.cz\\\/cz\\\/wp-content\\\/uploads\\\/sites\\\/2\\\/2021\\\/10\\\/konf.jpg\",\"contentUrl\":\"https:\\\/\\\/www.vskk.cz\\\/cz\\\/wp-content\\\/uploads\\\/sites\\\/2\\\/2021\\\/10\\\/konf.jpg\",\"width\":290,\"height\":290},{\"@type\":\"BreadcrumbList\",\"@id\":\"https:\\\/\\\/www.vskk.cz\\\/cz\\\/aktuality\\\/performance-marketing-masters\\\/#breadcrumb\",\"itemListElement\":[{\"@type\":\"ListItem\",\"position\":1,\"name\":\"Dom\u016f\",\"item\":\"https:\\\/\\\/www.vskk.cz\\\/cz\\\/\"},{\"@type\":\"ListItem\",\"position\":2,\"name\":\"Aktuality\",\"item\":\"https:\\\/\\\/www.vskk.cz\\\/cz\\\/aktuality\\\/\"},{\"@type\":\"ListItem\",\"position\":3,\"name\":\"Performance Marketing Masters\"}]},{\"@type\":\"WebSite\",\"@id\":\"https:\\\/\\\/www.vskk.cz\\\/cz\\\/#website\",\"url\":\"https:\\\/\\\/www.vskk.cz\\\/cz\\\/\",\"name\":\"Vysok\u00e1 \u0161kola kreativn\u00ed komunikace\",\"description\":\"\",\"potentialAction\":[{\"@type\":\"SearchAction\",\"target\":{\"@type\":\"EntryPoint\",\"urlTemplate\":\"https:\\\/\\\/www.vskk.cz\\\/cz\\\/?s={search_term_string}\"},\"query-input\":{\"@type\":\"PropertyValueSpecification\",\"valueRequired\":true,\"valueName\":\"search_term_string\"}}],\"inLanguage\":\"cs\"}]}<\/script>\n<!-- \/ Yoast SEO plugin. -->","yoast_head_json":{"title":"V\u0160KK - Vysok\u00e1 \u0161kola kreativn\u00ed komunikace","description":"V\u0160KK - Vysok\u00e1 \u0161kola kreativn\u00ed komunikace - Jedna \u0161kola, stovky p\u0159\u00edle\u017eitost\u00ed. Soukrom\u00e1 vysok\u00e1 \u0161kola v Praze","robots":{"index":"index","follow":"follow","max-snippet":"max-snippet:-1","max-image-preview":"max-image-preview:large","max-video-preview":"max-video-preview:-1"},"canonical":"https:\/\/www.vskk.cz\/cz\/aktuality\/performance-marketing-masters\/","og_locale":"cs_CZ","og_type":"article","og_title":"V\u0160KK - Vysok\u00e1 \u0161kola kreativn\u00ed komunikace","og_description":"V\u0160KK - Vysok\u00e1 \u0161kola kreativn\u00ed komunikace - Jedna \u0161kola, stovky p\u0159\u00edle\u017eitost\u00ed. Soukrom\u00e1 vysok\u00e1 \u0161kola v Praze","og_url":"https:\/\/www.vskk.cz\/cz\/aktuality\/performance-marketing-masters\/","og_site_name":"Vysok\u00e1 \u0161kola kreativn\u00ed komunikace","og_image":[{"width":290,"height":290,"url":"https:\/\/www.vskk.cz\/cz\/wp-content\/uploads\/sites\/2\/2021\/10\/konf.jpg","type":"image\/jpeg"}],"twitter_card":"summary_large_image","schema":{"@context":"https:\/\/schema.org","@graph":[{"@type":"WebPage","@id":"https:\/\/www.vskk.cz\/cz\/aktuality\/performance-marketing-masters\/","url":"https:\/\/www.vskk.cz\/cz\/aktuality\/performance-marketing-masters\/","name":"V\u0160KK - Vysok\u00e1 \u0161kola kreativn\u00ed komunikace","isPartOf":{"@id":"https:\/\/www.vskk.cz\/cz\/#website"},"primaryImageOfPage":{"@id":"https:\/\/www.vskk.cz\/cz\/aktuality\/performance-marketing-masters\/#primaryimage"},"image":{"@id":"https:\/\/www.vskk.cz\/cz\/aktuality\/performance-marketing-masters\/#primaryimage"},"thumbnailUrl":"https:\/\/www.vskk.cz\/cz\/wp-content\/uploads\/sites\/2\/2021\/10\/konf.jpg","datePublished":"2021-10-19T14:46:58+00:00","description":"V\u0160KK - Vysok\u00e1 \u0161kola kreativn\u00ed komunikace - Jedna \u0161kola, stovky p\u0159\u00edle\u017eitost\u00ed. Soukrom\u00e1 vysok\u00e1 \u0161kola v Praze","breadcrumb":{"@id":"https:\/\/www.vskk.cz\/cz\/aktuality\/performance-marketing-masters\/#breadcrumb"},"inLanguage":"cs","potentialAction":[{"@type":"ReadAction","target":["https:\/\/www.vskk.cz\/cz\/aktuality\/performance-marketing-masters\/"]}]},{"@type":"ImageObject","inLanguage":"cs","@id":"https:\/\/www.vskk.cz\/cz\/aktuality\/performance-marketing-masters\/#primaryimage","url":"https:\/\/www.vskk.cz\/cz\/wp-content\/uploads\/sites\/2\/2021\/10\/konf.jpg","contentUrl":"https:\/\/www.vskk.cz\/cz\/wp-content\/uploads\/sites\/2\/2021\/10\/konf.jpg","width":290,"height":290},{"@type":"BreadcrumbList","@id":"https:\/\/www.vskk.cz\/cz\/aktuality\/performance-marketing-masters\/#breadcrumb","itemListElement":[{"@type":"ListItem","position":1,"name":"Dom\u016f","item":"https:\/\/www.vskk.cz\/cz\/"},{"@type":"ListItem","position":2,"name":"Aktuality","item":"https:\/\/www.vskk.cz\/cz\/aktuality\/"},{"@type":"ListItem","position":3,"name":"Performance Marketing Masters"}]},{"@type":"WebSite","@id":"https:\/\/www.vskk.cz\/cz\/#website","url":"https:\/\/www.vskk.cz\/cz\/","name":"Vysok\u00e1 \u0161kola kreativn\u00ed komunikace","description":"","potentialAction":[{"@type":"SearchAction","target":{"@type":"EntryPoint","urlTemplate":"https:\/\/www.vskk.cz\/cz\/?s={search_term_string}"},"query-input":{"@type":"PropertyValueSpecification","valueRequired":true,"valueName":"search_term_string"}}],"inLanguage":"cs"}]}},"_links":{"self":[{"href":"https:\/\/www.vskk.cz\/cz\/wp-json\/wp\/v2\/pages\/11446","targetHints":{"allow":["GET"]}}],"collection":[{"href":"https:\/\/www.vskk.cz\/cz\/wp-json\/wp\/v2\/pages"}],"about":[{"href":"https:\/\/www.vskk.cz\/cz\/wp-json\/wp\/v2\/types\/page"}],"author":[{"embeddable":true,"href":"https:\/\/www.vskk.cz\/cz\/wp-json\/wp\/v2\/users\/9"}],"replies":[{"embeddable":true,"href":"https:\/\/www.vskk.cz\/cz\/wp-json\/wp\/v2\/comments?post=11446"}],"version-history":[{"count":1,"href":"https:\/\/www.vskk.cz\/cz\/wp-json\/wp\/v2\/pages\/11446\/revisions"}],"predecessor-version":[{"id":11450,"href":"https:\/\/www.vskk.cz\/cz\/wp-json\/wp\/v2\/pages\/11446\/revisions\/11450"}],"up":[{"embeddable":true,"href":"https:\/\/www.vskk.cz\/cz\/wp-json\/wp\/v2\/pages\/53"}],"wp:featuredmedia":[{"embeddable":true,"href":"https:\/\/www.vskk.cz\/cz\/wp-json\/wp\/v2\/media\/11448"}],"wp:attachment":[{"href":"https:\/\/www.vskk.cz\/cz\/wp-json\/wp\/v2\/media?parent=11446"}],"curies":[{"name":"wp","href":"https:\/\/api.w.org\/{rel}","templated":true}]}}