{"id":10925,"date":"2021-09-10T12:09:49","date_gmt":"2021-09-10T10:09:49","guid":{"rendered":"https:\/\/www.vskk.cz\/cz\/?page_id=10925"},"modified":"2023-02-13T11:44:05","modified_gmt":"2023-02-13T10:44:05","slug":"alisa-lisichkina","status":"publish","type":"page","link":"https:\/\/www.vskk.cz\/cz\/naplavkka\/alisa-lisichkina\/","title":{"rendered":"Alisa Lisichkina"},"content":{"rendered":"<p><strong>Specializace: <\/strong>Fotografie a audiovize, 3.&nbsp;ro\u010dn\u00edk<br \/>\n<strong>N\u00e1zev projektu: <\/strong><span data-sheets-value=\"{&quot;1&quot;:2,&quot;2&quot;:&quot;STAY SANE&quot;}\" data-sheets-userformat=\"{&quot;2&quot;:9213,&quot;3&quot;:{&quot;1&quot;:0},&quot;5&quot;:{&quot;1&quot;:[{&quot;1&quot;:2,&quot;2&quot;:0,&quot;5&quot;:[null,2,0]},{&quot;1&quot;:0,&quot;2&quot;:0,&quot;3&quot;:3},{&quot;1&quot;:1,&quot;2&quot;:0,&quot;4&quot;:3}]},&quot;6&quot;:{&quot;1&quot;:[{&quot;1&quot;:2,&quot;2&quot;:0,&quot;5&quot;:[null,2,0]},{&quot;1&quot;:0,&quot;2&quot;:0,&quot;3&quot;:3},{&quot;1&quot;:1,&quot;2&quot;:0,&quot;4&quot;:1}]},&quot;7&quot;:{&quot;1&quot;:[{&quot;1&quot;:2,&quot;2&quot;:0,&quot;5&quot;:[null,2,0]},{&quot;1&quot;:0,&quot;2&quot;:0,&quot;3&quot;:3},{&quot;1&quot;:1,&quot;2&quot;:0,&quot;4&quot;:1}]},&quot;8&quot;:{&quot;1&quot;:[{&quot;1&quot;:2,&quot;2&quot;:0,&quot;5&quot;:[null,2,0]},{&quot;1&quot;:0,&quot;2&quot;:0,&quot;3&quot;:3},{&quot;1&quot;:1,&quot;2&quot;:0,&quot;4&quot;:1}]},&quot;9&quot;:0,&quot;10&quot;:0,&quot;11&quot;:4,&quot;12&quot;:0,&quot;16&quot;:9}\">STAY SANE<\/span><br \/>\n<strong>Popis projektu:\u00a0<\/strong><span data-sheets-value=\"{&quot;1&quot;:2,&quot;2&quot;:&quot;P\u0159\u00edb\u011bh je o du\u0161evn\u00edch poruch\u00e1ch lid\u00ed v pandemick\u00e9m prost\u0159ed\u00ed karant\u00e9ny a soci\u00e1ln\u00ed distancov\u00e1n\u00ed.&quot;}\" data-sheets-userformat=\"{&quot;2&quot;:9213,&quot;3&quot;:{&quot;1&quot;:0},&quot;5&quot;:{&quot;1&quot;:[{&quot;1&quot;:2,&quot;2&quot;:0,&quot;5&quot;:[null,2,0]},{&quot;1&quot;:0,&quot;2&quot;:0,&quot;3&quot;:3},{&quot;1&quot;:1,&quot;2&quot;:0,&quot;4&quot;:3}]},&quot;6&quot;:{&quot;1&quot;:[{&quot;1&quot;:2,&quot;2&quot;:0,&quot;5&quot;:[null,2,0]},{&quot;1&quot;:0,&quot;2&quot;:0,&quot;3&quot;:3},{&quot;1&quot;:1,&quot;2&quot;:0,&quot;4&quot;:1}]},&quot;7&quot;:{&quot;1&quot;:[{&quot;1&quot;:2,&quot;2&quot;:0,&quot;5&quot;:[null,2,0]},{&quot;1&quot;:0,&quot;2&quot;:0,&quot;3&quot;:3},{&quot;1&quot;:1,&quot;2&quot;:0,&quot;4&quot;:1}]},&quot;8&quot;:{&quot;1&quot;:[{&quot;1&quot;:2,&quot;2&quot;:0,&quot;5&quot;:[null,2,0]},{&quot;1&quot;:0,&quot;2&quot;:0,&quot;3&quot;:3},{&quot;1&quot;:1,&quot;2&quot;:0,&quot;4&quot;:1}]},&quot;9&quot;:0,&quot;10&quot;:0,&quot;11&quot;:4,&quot;12&quot;:0,&quot;16&quot;:9}\">P\u0159\u00edb\u011bh je o du\u0161evn\u00edch poruch\u00e1ch lid\u00ed v&nbsp;pandemick\u00e9m prost\u0159ed\u00ed karant\u00e9ny a soci\u00e1ln\u00ed distancov\u00e1n\u00ed.<\/span><\/p>\n<p><img decoding=\"async\" class=\"alignnone wp-image-10926 size-full\" src=\"https:\/\/www.vskk.cz\/cz\/wp-content\/uploads\/sites\/2\/2021\/09\/ALISA.jpg\" alt=\"\" width=\"1139\" height=\"1478\" srcset=\"https:\/\/www.vskk.cz\/cz\/wp-content\/uploads\/sites\/2\/2021\/09\/ALISA.jpg 1139w, https:\/\/www.vskk.cz\/cz\/wp-content\/uploads\/sites\/2\/2021\/09\/ALISA-231x300.jpg 231w, https:\/\/www.vskk.cz\/cz\/wp-content\/uploads\/sites\/2\/2021\/09\/ALISA-768x997.jpg 768w, https:\/\/www.vskk.cz\/cz\/wp-content\/uploads\/sites\/2\/2021\/09\/ALISA-307x398.jpg 307w, https:\/\/www.vskk.cz\/cz\/wp-content\/uploads\/sites\/2\/2021\/09\/ALISA-509x660.jpg 509w, https:\/\/www.vskk.cz\/cz\/wp-content\/uploads\/sites\/2\/2021\/09\/ALISA-154x200.jpg 154w, https:\/\/www.vskk.cz\/cz\/wp-content\/uploads\/sites\/2\/2021\/09\/ALISA-312x405.jpg 312w, https:\/\/www.vskk.cz\/cz\/wp-content\/uploads\/sites\/2\/2021\/09\/ALISA-247x320.jpg 247w, https:\/\/www.vskk.cz\/cz\/wp-content\/uploads\/sites\/2\/2021\/09\/ALISA-162x210.jpg 162w, https:\/\/www.vskk.cz\/cz\/wp-content\/uploads\/sites\/2\/2021\/09\/ALISA-69x90.jpg 69w, https:\/\/www.vskk.cz\/cz\/wp-content\/uploads\/sites\/2\/2021\/09\/ALISA-367x476.jpg 367w\" sizes=\"(max-width: 1139px) 100vw, 1139px\" \/><\/p>\n<p><strong>N\u00e1zev projektu: <\/strong><span data-sheets-value=\"{&quot;1&quot;:2,&quot;2&quot;:&quot;An untitled love story&quot;}\" data-sheets-userformat=\"{&quot;2&quot;:9205,&quot;3&quot;:{&quot;1&quot;:0},&quot;5&quot;:{&quot;1&quot;:[{&quot;1&quot;:2,&quot;2&quot;:0,&quot;5&quot;:[null,2,0]},{&quot;1&quot;:0,&quot;2&quot;:0,&quot;3&quot;:3},{&quot;1&quot;:1,&quot;2&quot;:0,&quot;4&quot;:1}]},&quot;7&quot;:{&quot;1&quot;:[{&quot;1&quot;:2,&quot;2&quot;:0,&quot;5&quot;:[null,2,0]},{&quot;1&quot;:0,&quot;2&quot;:0,&quot;3&quot;:3},{&quot;1&quot;:1,&quot;2&quot;:0,&quot;4&quot;:1}]},&quot;8&quot;:{&quot;1&quot;:[{&quot;1&quot;:2,&quot;2&quot;:0,&quot;5&quot;:[null,2,0]},{&quot;1&quot;:0,&quot;2&quot;:0,&quot;3&quot;:3},{&quot;1&quot;:1,&quot;2&quot;:0,&quot;4&quot;:1}]},&quot;9&quot;:0,&quot;10&quot;:0,&quot;11&quot;:4,&quot;12&quot;:0,&quot;16&quot;:9}\">An untitled love story<\/span><\/p>\n<p><img decoding=\"async\" class=\"alignnone wp-image-10927 size-full\" src=\"https:\/\/www.vskk.cz\/cz\/wp-content\/uploads\/sites\/2\/2021\/09\/ALISA2.jpg\" alt=\"\" width=\"1139\" height=\"1478\" srcset=\"https:\/\/www.vskk.cz\/cz\/wp-content\/uploads\/sites\/2\/2021\/09\/ALISA2.jpg 1139w, https:\/\/www.vskk.cz\/cz\/wp-content\/uploads\/sites\/2\/2021\/09\/ALISA2-231x300.jpg 231w, https:\/\/www.vskk.cz\/cz\/wp-content\/uploads\/sites\/2\/2021\/09\/ALISA2-768x997.jpg 768w, https:\/\/www.vskk.cz\/cz\/wp-content\/uploads\/sites\/2\/2021\/09\/ALISA2-307x398.jpg 307w, https:\/\/www.vskk.cz\/cz\/wp-content\/uploads\/sites\/2\/2021\/09\/ALISA2-509x660.jpg 509w, https:\/\/www.vskk.cz\/cz\/wp-content\/uploads\/sites\/2\/2021\/09\/ALISA2-154x200.jpg 154w, https:\/\/www.vskk.cz\/cz\/wp-content\/uploads\/sites\/2\/2021\/09\/ALISA2-312x405.jpg 312w, https:\/\/www.vskk.cz\/cz\/wp-content\/uploads\/sites\/2\/2021\/09\/ALISA2-247x320.jpg 247w, https:\/\/www.vskk.cz\/cz\/wp-content\/uploads\/sites\/2\/2021\/09\/ALISA2-162x210.jpg 162w, https:\/\/www.vskk.cz\/cz\/wp-content\/uploads\/sites\/2\/2021\/09\/ALISA2-69x90.jpg 69w, https:\/\/www.vskk.cz\/cz\/wp-content\/uploads\/sites\/2\/2021\/09\/ALISA2-367x476.jpg 367w\" sizes=\"(max-width: 1139px) 100vw, 1139px\" \/><\/p>\n","protected":false},"excerpt":{"rendered":"<p>Specializace: Fotografie a audiovize, 3.&nbsp;ro\u010dn\u00edk N\u00e1zev projektu: STAY SANE Popis&hellip;<\/p>\n","protected":false},"author":21,"featured_media":10928,"parent":10810,"menu_order":0,"comment_status":"closed","ping_status":"closed","template":"festival.php","meta":{"_acf_changed":false,"episode_type":"","audio_file":"","podmotor_file_id":"","podmotor_episode_id":"","cover_image":"","cover_image_id":"","duration":"","filesize":"","filesize_raw":"","date_recorded":"","explicit":"","block":"","itunes_episode_number":"","itunes_title":"","itunes_season_number":"","itunes_episode_type":"","footnotes":""},"class_list":["post-10925","page","type-page","status-publish","has-post-thumbnail","hentry"],"acf":[],"yoast_head":"<!-- This site is optimized with the Yoast SEO plugin v27.5 - https:\/\/yoast.com\/product\/yoast-seo-wordpress\/ -->\n<title>V\u0160KK - Vysok\u00e1 \u0161kola kreativn\u00ed komunikace<\/title>\n<meta name=\"description\" content=\"V\u0160KK - Vysok\u00e1 \u0161kola kreativn\u00ed komunikace - Jedna \u0161kola, stovky p\u0159\u00edle\u017eitost\u00ed. Soukrom\u00e1 vysok\u00e1 \u0161kola v Praze\" \/>\n<meta name=\"robots\" content=\"index, follow, max-snippet:-1, max-image-preview:large, max-video-preview:-1\" \/>\n<link rel=\"canonical\" href=\"https:\/\/www.vskk.cz\/cz\/naplavkka\/alisa-lisichkina\/\" \/>\n<meta property=\"og:locale\" content=\"cs_CZ\" \/>\n<meta property=\"og:type\" content=\"article\" \/>\n<meta property=\"og:title\" content=\"V\u0160KK - Vysok\u00e1 \u0161kola kreativn\u00ed komunikace\" \/>\n<meta property=\"og:description\" content=\"V\u0160KK - Vysok\u00e1 \u0161kola kreativn\u00ed komunikace - Jedna \u0161kola, stovky p\u0159\u00edle\u017eitost\u00ed. Soukrom\u00e1 vysok\u00e1 \u0161kola v Praze\" \/>\n<meta property=\"og:url\" content=\"https:\/\/www.vskk.cz\/cz\/naplavkka\/alisa-lisichkina\/\" \/>\n<meta property=\"og:site_name\" content=\"Vysok\u00e1 \u0161kola kreativn\u00ed komunikace\" \/>\n<meta property=\"article:modified_time\" content=\"2023-02-13T10:44:05+00:00\" \/>\n<meta property=\"og:image\" content=\"https:\/\/www.vskk.cz\/cz\/wp-content\/uploads\/sites\/2\/2021\/09\/alisa-1.jpg\" \/>\n\t<meta property=\"og:image:width\" content=\"290\" \/>\n\t<meta property=\"og:image:height\" content=\"290\" \/>\n\t<meta property=\"og:image:type\" content=\"image\/jpeg\" \/>\n<meta name=\"twitter:card\" content=\"summary_large_image\" \/>\n<meta name=\"twitter:label1\" content=\"Odhadovan\u00e1 doba \u010dten\u00ed\" \/>\n\t<meta name=\"twitter:data1\" content=\"1 minuta\" \/>\n<script type=\"application\/ld+json\" class=\"yoast-schema-graph\">{\"@context\":\"https:\\\/\\\/schema.org\",\"@graph\":[{\"@type\":\"WebPage\",\"@id\":\"https:\\\/\\\/www.vskk.cz\\\/cz\\\/naplavkka\\\/alisa-lisichkina\\\/\",\"url\":\"https:\\\/\\\/www.vskk.cz\\\/cz\\\/naplavkka\\\/alisa-lisichkina\\\/\",\"name\":\"V\u0160KK - Vysok\u00e1 \u0161kola kreativn\u00ed komunikace\",\"isPartOf\":{\"@id\":\"https:\\\/\\\/www.vskk.cz\\\/cz\\\/#website\"},\"primaryImageOfPage\":{\"@id\":\"https:\\\/\\\/www.vskk.cz\\\/cz\\\/naplavkka\\\/alisa-lisichkina\\\/#primaryimage\"},\"image\":{\"@id\":\"https:\\\/\\\/www.vskk.cz\\\/cz\\\/naplavkka\\\/alisa-lisichkina\\\/#primaryimage\"},\"thumbnailUrl\":\"https:\\\/\\\/www.vskk.cz\\\/cz\\\/wp-content\\\/uploads\\\/sites\\\/2\\\/2021\\\/09\\\/alisa-1.jpg\",\"datePublished\":\"2021-09-10T10:09:49+00:00\",\"dateModified\":\"2023-02-13T10:44:05+00:00\",\"description\":\"V\u0160KK - Vysok\u00e1 \u0161kola kreativn\u00ed komunikace - Jedna \u0161kola, stovky p\u0159\u00edle\u017eitost\u00ed. Soukrom\u00e1 vysok\u00e1 \u0161kola v Praze\",\"breadcrumb\":{\"@id\":\"https:\\\/\\\/www.vskk.cz\\\/cz\\\/naplavkka\\\/alisa-lisichkina\\\/#breadcrumb\"},\"inLanguage\":\"cs\",\"potentialAction\":[{\"@type\":\"ReadAction\",\"target\":[\"https:\\\/\\\/www.vskk.cz\\\/cz\\\/naplavkka\\\/alisa-lisichkina\\\/\"]}]},{\"@type\":\"ImageObject\",\"inLanguage\":\"cs\",\"@id\":\"https:\\\/\\\/www.vskk.cz\\\/cz\\\/naplavkka\\\/alisa-lisichkina\\\/#primaryimage\",\"url\":\"https:\\\/\\\/www.vskk.cz\\\/cz\\\/wp-content\\\/uploads\\\/sites\\\/2\\\/2021\\\/09\\\/alisa-1.jpg\",\"contentUrl\":\"https:\\\/\\\/www.vskk.cz\\\/cz\\\/wp-content\\\/uploads\\\/sites\\\/2\\\/2021\\\/09\\\/alisa-1.jpg\",\"width\":290,\"height\":290},{\"@type\":\"BreadcrumbList\",\"@id\":\"https:\\\/\\\/www.vskk.cz\\\/cz\\\/naplavkka\\\/alisa-lisichkina\\\/#breadcrumb\",\"itemListElement\":[{\"@type\":\"ListItem\",\"position\":1,\"name\":\"Dom\u016f\",\"item\":\"https:\\\/\\\/www.vskk.cz\\\/cz\\\/\"},{\"@type\":\"ListItem\",\"position\":2,\"name\":\"N\u00e1plavKKa\",\"item\":\"https:\\\/\\\/www.vskk.cz\\\/cz\\\/naplavkka\\\/\"},{\"@type\":\"ListItem\",\"position\":3,\"name\":\"Alisa Lisichkina\"}]},{\"@type\":\"WebSite\",\"@id\":\"https:\\\/\\\/www.vskk.cz\\\/cz\\\/#website\",\"url\":\"https:\\\/\\\/www.vskk.cz\\\/cz\\\/\",\"name\":\"Vysok\u00e1 \u0161kola kreativn\u00ed komunikace\",\"description\":\"\",\"potentialAction\":[{\"@type\":\"SearchAction\",\"target\":{\"@type\":\"EntryPoint\",\"urlTemplate\":\"https:\\\/\\\/www.vskk.cz\\\/cz\\\/?s={search_term_string}\"},\"query-input\":{\"@type\":\"PropertyValueSpecification\",\"valueRequired\":true,\"valueName\":\"search_term_string\"}}],\"inLanguage\":\"cs\"}]}<\/script>\n<!-- \/ Yoast SEO plugin. -->","yoast_head_json":{"title":"V\u0160KK - Vysok\u00e1 \u0161kola kreativn\u00ed komunikace","description":"V\u0160KK - Vysok\u00e1 \u0161kola kreativn\u00ed komunikace - Jedna \u0161kola, stovky p\u0159\u00edle\u017eitost\u00ed. Soukrom\u00e1 vysok\u00e1 \u0161kola v Praze","robots":{"index":"index","follow":"follow","max-snippet":"max-snippet:-1","max-image-preview":"max-image-preview:large","max-video-preview":"max-video-preview:-1"},"canonical":"https:\/\/www.vskk.cz\/cz\/naplavkka\/alisa-lisichkina\/","og_locale":"cs_CZ","og_type":"article","og_title":"V\u0160KK - Vysok\u00e1 \u0161kola kreativn\u00ed komunikace","og_description":"V\u0160KK - Vysok\u00e1 \u0161kola kreativn\u00ed komunikace - Jedna \u0161kola, stovky p\u0159\u00edle\u017eitost\u00ed. Soukrom\u00e1 vysok\u00e1 \u0161kola v Praze","og_url":"https:\/\/www.vskk.cz\/cz\/naplavkka\/alisa-lisichkina\/","og_site_name":"Vysok\u00e1 \u0161kola kreativn\u00ed komunikace","article_modified_time":"2023-02-13T10:44:05+00:00","og_image":[{"width":290,"height":290,"url":"https:\/\/www.vskk.cz\/cz\/wp-content\/uploads\/sites\/2\/2021\/09\/alisa-1.jpg","type":"image\/jpeg"}],"twitter_card":"summary_large_image","twitter_misc":{"Odhadovan\u00e1 doba \u010dten\u00ed":"1 minuta"},"schema":{"@context":"https:\/\/schema.org","@graph":[{"@type":"WebPage","@id":"https:\/\/www.vskk.cz\/cz\/naplavkka\/alisa-lisichkina\/","url":"https:\/\/www.vskk.cz\/cz\/naplavkka\/alisa-lisichkina\/","name":"V\u0160KK - Vysok\u00e1 \u0161kola kreativn\u00ed komunikace","isPartOf":{"@id":"https:\/\/www.vskk.cz\/cz\/#website"},"primaryImageOfPage":{"@id":"https:\/\/www.vskk.cz\/cz\/naplavkka\/alisa-lisichkina\/#primaryimage"},"image":{"@id":"https:\/\/www.vskk.cz\/cz\/naplavkka\/alisa-lisichkina\/#primaryimage"},"thumbnailUrl":"https:\/\/www.vskk.cz\/cz\/wp-content\/uploads\/sites\/2\/2021\/09\/alisa-1.jpg","datePublished":"2021-09-10T10:09:49+00:00","dateModified":"2023-02-13T10:44:05+00:00","description":"V\u0160KK - Vysok\u00e1 \u0161kola kreativn\u00ed komunikace - Jedna \u0161kola, stovky p\u0159\u00edle\u017eitost\u00ed. Soukrom\u00e1 vysok\u00e1 \u0161kola v Praze","breadcrumb":{"@id":"https:\/\/www.vskk.cz\/cz\/naplavkka\/alisa-lisichkina\/#breadcrumb"},"inLanguage":"cs","potentialAction":[{"@type":"ReadAction","target":["https:\/\/www.vskk.cz\/cz\/naplavkka\/alisa-lisichkina\/"]}]},{"@type":"ImageObject","inLanguage":"cs","@id":"https:\/\/www.vskk.cz\/cz\/naplavkka\/alisa-lisichkina\/#primaryimage","url":"https:\/\/www.vskk.cz\/cz\/wp-content\/uploads\/sites\/2\/2021\/09\/alisa-1.jpg","contentUrl":"https:\/\/www.vskk.cz\/cz\/wp-content\/uploads\/sites\/2\/2021\/09\/alisa-1.jpg","width":290,"height":290},{"@type":"BreadcrumbList","@id":"https:\/\/www.vskk.cz\/cz\/naplavkka\/alisa-lisichkina\/#breadcrumb","itemListElement":[{"@type":"ListItem","position":1,"name":"Dom\u016f","item":"https:\/\/www.vskk.cz\/cz\/"},{"@type":"ListItem","position":2,"name":"N\u00e1plavKKa","item":"https:\/\/www.vskk.cz\/cz\/naplavkka\/"},{"@type":"ListItem","position":3,"name":"Alisa Lisichkina"}]},{"@type":"WebSite","@id":"https:\/\/www.vskk.cz\/cz\/#website","url":"https:\/\/www.vskk.cz\/cz\/","name":"Vysok\u00e1 \u0161kola kreativn\u00ed komunikace","description":"","potentialAction":[{"@type":"SearchAction","target":{"@type":"EntryPoint","urlTemplate":"https:\/\/www.vskk.cz\/cz\/?s={search_term_string}"},"query-input":{"@type":"PropertyValueSpecification","valueRequired":true,"valueName":"search_term_string"}}],"inLanguage":"cs"}]}},"_links":{"self":[{"href":"https:\/\/www.vskk.cz\/cz\/wp-json\/wp\/v2\/pages\/10925","targetHints":{"allow":["GET"]}}],"collection":[{"href":"https:\/\/www.vskk.cz\/cz\/wp-json\/wp\/v2\/pages"}],"about":[{"href":"https:\/\/www.vskk.cz\/cz\/wp-json\/wp\/v2\/types\/page"}],"author":[{"embeddable":true,"href":"https:\/\/www.vskk.cz\/cz\/wp-json\/wp\/v2\/users\/21"}],"replies":[{"embeddable":true,"href":"https:\/\/www.vskk.cz\/cz\/wp-json\/wp\/v2\/comments?post=10925"}],"version-history":[{"count":2,"href":"https:\/\/www.vskk.cz\/cz\/wp-json\/wp\/v2\/pages\/10925\/revisions"}],"predecessor-version":[{"id":14902,"href":"https:\/\/www.vskk.cz\/cz\/wp-json\/wp\/v2\/pages\/10925\/revisions\/14902"}],"up":[{"embeddable":true,"href":"https:\/\/www.vskk.cz\/cz\/wp-json\/wp\/v2\/pages\/10810"}],"wp:featuredmedia":[{"embeddable":true,"href":"https:\/\/www.vskk.cz\/cz\/wp-json\/wp\/v2\/media\/10928"}],"wp:attachment":[{"href":"https:\/\/www.vskk.cz\/cz\/wp-json\/wp\/v2\/media?parent=10925"}],"curies":[{"name":"wp","href":"https:\/\/api.w.org\/{rel}","templated":true}]}}