{"id":10090,"date":"2021-04-19T14:07:47","date_gmt":"2021-04-19T12:07:47","guid":{"rendered":"https:\/\/www.vskk.cz\/cz\/?page_id=10090"},"modified":"2026-02-20T19:44:14","modified_gmt":"2026-02-20T18:44:14","slug":"pro-media","status":"publish","type":"page","link":"https:\/\/www.vskk.cz\/cz\/o-skole\/pro-media\/","title":{"rendered":"Pro m\u00e9dia"},"content":{"rendered":"<h3>Kontakt pro m\u00e9dia<\/h3>\n<p><strong>Mgr. Petra Zav\u0159elov\u00e1<\/strong><br \/>\n+420&nbsp;777&nbsp;925&nbsp;400<br \/>\nzavrelovap@vskk.cz<\/p>\n<h3 data-pm-slice=\"1 1 []\">Osobnosti V\u0160KK<\/h3>\n<p>M\u00e9di\u00edm zprost\u0159edkujeme odborn\u00edky, kter\u00e9 mohou zapojit do sv\u00fdch \u010dl\u00e1nk\u016f, rozhovor\u016f a dal\u0161\u00edch odborn\u00fdch publikac\u00ed.<\/p>\n<p>[tlacitko link=&#8220;https:\/\/www.vskk.cz\/cz\/?page_id=15317&amp;preview=true&#8220;]V\u0160KK osobnosti[\/tlacitko]<\/p>\n<p>&nbsp;<\/p>\n<p><strong><span style=\"color: #000000; font-family: Poppins, sans-serif; font-size: 17px; font-weight: 600;\">Grafick\u00e9 zdroje<\/span><\/strong><\/p>\n<p><span style=\"color: #000000; font-family: Poppins, sans-serif; font-size: 17px; font-weight: 600;\">V\u0160KK<\/span><\/p>\n<p><strong>Logo<\/strong> spole\u010dnosti je k&nbsp;dispozici ke sta\u017een\u00ed dle form\u00e1tu: <a href=\"https:\/\/vskkcz-my.sharepoint.com\/:f:\/g\/personal\/zaloha_vskk_cz\/EqG1xjaGPB1DrUeqnVz7IS0B-UlZZq_d-wurLEe3JKO9Xw?e=BwSrtv\" target=\"_blank\" rel=\"noopener\">zde<\/a><\/p>\n<h3>Liter\u00e1rn\u00ed akademie<\/h3>\n<p><strong>Loga<\/strong> spole\u010dnosti jsou k&nbsp;dispozici ke sta\u017een\u00ed dle form\u00e1tu: <a href=\"https:\/\/vskkcz-my.sharepoint.com\/:f:\/g\/personal\/zaloha_vskk_cz\/Ens5J3P-HnNDtoEGsHU6Rc4B1jwEjYGSbPFBG9IlUHEM3g?e=D2XaqI\" target=\"_blank\" rel=\"noopener\">zde<\/a><\/p>\n<h3>Prague School of Creative Communication<\/h3>\n<p><strong>Logo<\/strong> spole\u010dnosti je k&nbsp;dispozici ke sta\u017een\u00ed dle form\u00e1tu: <a href=\"https:\/\/vskkcz-my.sharepoint.com\/:f:\/g\/personal\/zaloha_vskk_cz\/IgCBMl0GnAzHQr7iehHs9W29AZsnN3N0Aom1HL3HZBi-yHY?e=HBsfEy\" target=\"_blank\" rel=\"noopener\">zde<\/a><\/p>\n","protected":false},"excerpt":{"rendered":"<p>Kontakt pro m\u00e9dia Mgr. Petra Zav\u0159elov\u00e1 +420&nbsp;777&nbsp;925&nbsp;400 zavrelovap@vskk.cz Osobnosti V\u0160KK&hellip;<\/p>\n","protected":false},"author":9,"featured_media":0,"parent":9,"menu_order":0,"comment_status":"closed","ping_status":"closed","template":"","meta":{"_acf_changed":false,"episode_type":"","audio_file":"","podmotor_file_id":"","podmotor_episode_id":"","cover_image":"","cover_image_id":"","duration":"","filesize":"","filesize_raw":"","date_recorded":"","explicit":"","block":"","itunes_episode_number":"","itunes_title":"","itunes_season_number":"","itunes_episode_type":"","footnotes":""},"class_list":["post-10090","page","type-page","status-publish","hentry"],"acf":[],"yoast_head":"<!-- This site is optimized with the Yoast SEO plugin v27.3 - https:\/\/yoast.com\/product\/yoast-seo-wordpress\/ -->\n<title>V\u0160KK - Vysok\u00e1 \u0161kola kreativn\u00ed komunikace<\/title>\n<meta name=\"description\" content=\"V\u0160KK - Vysok\u00e1 \u0161kola kreativn\u00ed komunikace - Jedna \u0161kola, stovky p\u0159\u00edle\u017eitost\u00ed. Soukrom\u00e1 vysok\u00e1 \u0161kola v Praze\" \/>\n<meta name=\"robots\" content=\"index, follow, max-snippet:-1, max-image-preview:large, max-video-preview:-1\" \/>\n<link rel=\"canonical\" href=\"https:\/\/www.vskk.cz\/cz\/o-skole\/pro-media\/\" \/>\n<meta property=\"og:locale\" content=\"cs_CZ\" \/>\n<meta property=\"og:type\" content=\"article\" \/>\n<meta property=\"og:title\" content=\"V\u0160KK - Vysok\u00e1 \u0161kola kreativn\u00ed komunikace\" \/>\n<meta property=\"og:description\" content=\"V\u0160KK - Vysok\u00e1 \u0161kola kreativn\u00ed komunikace - Jedna \u0161kola, stovky p\u0159\u00edle\u017eitost\u00ed. Soukrom\u00e1 vysok\u00e1 \u0161kola v Praze\" \/>\n<meta property=\"og:url\" content=\"https:\/\/www.vskk.cz\/cz\/o-skole\/pro-media\/\" \/>\n<meta property=\"og:site_name\" content=\"Vysok\u00e1 \u0161kola kreativn\u00ed komunikace\" \/>\n<meta property=\"article:modified_time\" content=\"2026-02-20T18:44:14+00:00\" \/>\n<meta name=\"twitter:card\" content=\"summary_large_image\" \/>\n<meta name=\"twitter:label1\" content=\"Odhadovan\u00e1 doba \u010dten\u00ed\" \/>\n\t<meta name=\"twitter:data1\" content=\"1 minuta\" \/>\n<script type=\"application\/ld+json\" class=\"yoast-schema-graph\">{\"@context\":\"https:\\\/\\\/schema.org\",\"@graph\":[{\"@type\":\"WebPage\",\"@id\":\"https:\\\/\\\/www.vskk.cz\\\/cz\\\/o-skole\\\/pro-media\\\/\",\"url\":\"https:\\\/\\\/www.vskk.cz\\\/cz\\\/o-skole\\\/pro-media\\\/\",\"name\":\"V\u0160KK - Vysok\u00e1 \u0161kola kreativn\u00ed komunikace\",\"isPartOf\":{\"@id\":\"https:\\\/\\\/www.vskk.cz\\\/cz\\\/#website\"},\"datePublished\":\"2021-04-19T12:07:47+00:00\",\"dateModified\":\"2026-02-20T18:44:14+00:00\",\"description\":\"V\u0160KK - Vysok\u00e1 \u0161kola kreativn\u00ed komunikace - Jedna \u0161kola, stovky p\u0159\u00edle\u017eitost\u00ed. Soukrom\u00e1 vysok\u00e1 \u0161kola v Praze\",\"breadcrumb\":{\"@id\":\"https:\\\/\\\/www.vskk.cz\\\/cz\\\/o-skole\\\/pro-media\\\/#breadcrumb\"},\"inLanguage\":\"cs\",\"potentialAction\":[{\"@type\":\"ReadAction\",\"target\":[\"https:\\\/\\\/www.vskk.cz\\\/cz\\\/o-skole\\\/pro-media\\\/\"]}]},{\"@type\":\"BreadcrumbList\",\"@id\":\"https:\\\/\\\/www.vskk.cz\\\/cz\\\/o-skole\\\/pro-media\\\/#breadcrumb\",\"itemListElement\":[{\"@type\":\"ListItem\",\"position\":1,\"name\":\"Dom\u016f\",\"item\":\"https:\\\/\\\/www.vskk.cz\\\/cz\\\/\"},{\"@type\":\"ListItem\",\"position\":2,\"name\":\"O \u0161kole\",\"item\":\"https:\\\/\\\/www.vskk.cz\\\/cz\\\/o-skole\\\/\"},{\"@type\":\"ListItem\",\"position\":3,\"name\":\"Pro m\u00e9dia\"}]},{\"@type\":\"WebSite\",\"@id\":\"https:\\\/\\\/www.vskk.cz\\\/cz\\\/#website\",\"url\":\"https:\\\/\\\/www.vskk.cz\\\/cz\\\/\",\"name\":\"Vysok\u00e1 \u0161kola kreativn\u00ed komunikace\",\"description\":\"\",\"potentialAction\":[{\"@type\":\"SearchAction\",\"target\":{\"@type\":\"EntryPoint\",\"urlTemplate\":\"https:\\\/\\\/www.vskk.cz\\\/cz\\\/?s={search_term_string}\"},\"query-input\":{\"@type\":\"PropertyValueSpecification\",\"valueRequired\":true,\"valueName\":\"search_term_string\"}}],\"inLanguage\":\"cs\"}]}<\/script>\n<!-- \/ Yoast SEO plugin. -->","yoast_head_json":{"title":"V\u0160KK - Vysok\u00e1 \u0161kola kreativn\u00ed komunikace","description":"V\u0160KK - Vysok\u00e1 \u0161kola kreativn\u00ed komunikace - Jedna \u0161kola, stovky p\u0159\u00edle\u017eitost\u00ed. Soukrom\u00e1 vysok\u00e1 \u0161kola v Praze","robots":{"index":"index","follow":"follow","max-snippet":"max-snippet:-1","max-image-preview":"max-image-preview:large","max-video-preview":"max-video-preview:-1"},"canonical":"https:\/\/www.vskk.cz\/cz\/o-skole\/pro-media\/","og_locale":"cs_CZ","og_type":"article","og_title":"V\u0160KK - Vysok\u00e1 \u0161kola kreativn\u00ed komunikace","og_description":"V\u0160KK - Vysok\u00e1 \u0161kola kreativn\u00ed komunikace - Jedna \u0161kola, stovky p\u0159\u00edle\u017eitost\u00ed. Soukrom\u00e1 vysok\u00e1 \u0161kola v Praze","og_url":"https:\/\/www.vskk.cz\/cz\/o-skole\/pro-media\/","og_site_name":"Vysok\u00e1 \u0161kola kreativn\u00ed komunikace","article_modified_time":"2026-02-20T18:44:14+00:00","twitter_card":"summary_large_image","twitter_misc":{"Odhadovan\u00e1 doba \u010dten\u00ed":"1 minuta"},"schema":{"@context":"https:\/\/schema.org","@graph":[{"@type":"WebPage","@id":"https:\/\/www.vskk.cz\/cz\/o-skole\/pro-media\/","url":"https:\/\/www.vskk.cz\/cz\/o-skole\/pro-media\/","name":"V\u0160KK - Vysok\u00e1 \u0161kola kreativn\u00ed komunikace","isPartOf":{"@id":"https:\/\/www.vskk.cz\/cz\/#website"},"datePublished":"2021-04-19T12:07:47+00:00","dateModified":"2026-02-20T18:44:14+00:00","description":"V\u0160KK - Vysok\u00e1 \u0161kola kreativn\u00ed komunikace - Jedna \u0161kola, stovky p\u0159\u00edle\u017eitost\u00ed. Soukrom\u00e1 vysok\u00e1 \u0161kola v Praze","breadcrumb":{"@id":"https:\/\/www.vskk.cz\/cz\/o-skole\/pro-media\/#breadcrumb"},"inLanguage":"cs","potentialAction":[{"@type":"ReadAction","target":["https:\/\/www.vskk.cz\/cz\/o-skole\/pro-media\/"]}]},{"@type":"BreadcrumbList","@id":"https:\/\/www.vskk.cz\/cz\/o-skole\/pro-media\/#breadcrumb","itemListElement":[{"@type":"ListItem","position":1,"name":"Dom\u016f","item":"https:\/\/www.vskk.cz\/cz\/"},{"@type":"ListItem","position":2,"name":"O \u0161kole","item":"https:\/\/www.vskk.cz\/cz\/o-skole\/"},{"@type":"ListItem","position":3,"name":"Pro m\u00e9dia"}]},{"@type":"WebSite","@id":"https:\/\/www.vskk.cz\/cz\/#website","url":"https:\/\/www.vskk.cz\/cz\/","name":"Vysok\u00e1 \u0161kola kreativn\u00ed komunikace","description":"","potentialAction":[{"@type":"SearchAction","target":{"@type":"EntryPoint","urlTemplate":"https:\/\/www.vskk.cz\/cz\/?s={search_term_string}"},"query-input":{"@type":"PropertyValueSpecification","valueRequired":true,"valueName":"search_term_string"}}],"inLanguage":"cs"}]}},"_links":{"self":[{"href":"https:\/\/www.vskk.cz\/cz\/wp-json\/wp\/v2\/pages\/10090","targetHints":{"allow":["GET"]}}],"collection":[{"href":"https:\/\/www.vskk.cz\/cz\/wp-json\/wp\/v2\/pages"}],"about":[{"href":"https:\/\/www.vskk.cz\/cz\/wp-json\/wp\/v2\/types\/page"}],"author":[{"embeddable":true,"href":"https:\/\/www.vskk.cz\/cz\/wp-json\/wp\/v2\/users\/9"}],"replies":[{"embeddable":true,"href":"https:\/\/www.vskk.cz\/cz\/wp-json\/wp\/v2\/comments?post=10090"}],"version-history":[{"count":18,"href":"https:\/\/www.vskk.cz\/cz\/wp-json\/wp\/v2\/pages\/10090\/revisions"}],"predecessor-version":[{"id":20142,"href":"https:\/\/www.vskk.cz\/cz\/wp-json\/wp\/v2\/pages\/10090\/revisions\/20142"}],"up":[{"embeddable":true,"href":"https:\/\/www.vskk.cz\/cz\/wp-json\/wp\/v2\/pages\/9"}],"wp:attachment":[{"href":"https:\/\/www.vskk.cz\/cz\/wp-json\/wp\/v2\/media?parent=10090"}],"curies":[{"name":"wp","href":"https:\/\/api.w.org\/{rel}","templated":true}]}}